{"id":26367,"date":"2023-10-08T12:43:20","date_gmt":"2023-10-08T12:43:20","guid":{"rendered":"https:\/\/cahierdeseoul.com\/?post_type=product&#038;p=26367"},"modified":"2023-10-08T12:43:21","modified_gmt":"2023-10-08T12:43:21","slug":"cahier-de-seoul-people-and-places","status":"publish","type":"product","link":"https:\/\/cahierdeseoul.com\/ko\/shop\/cahier-de-seoul-people-and-places\/","title":{"rendered":"Cahier de Seoul &#8211; People and places"},"content":{"rendered":"<p><span style=\"color: #000000;\"><strong>Points de vente<\/strong><\/span><\/p>\n<p><span style=\"color: #000000;\">Paris<\/span><\/p>\n<p><span style=\"color: #000000;\"><del><strong>Artazart<\/strong> &#8211; 83 Quai de Valmy, 75010 Paris, France<\/del> &#8211; Sold out<\/span><br \/>\n<span style=\"color: #000000;\"><del><strong>Librairie Yvon Lambert<\/strong> &#8211; 108 rue Vieille du Temple 75003 Paris<\/del> &#8211; Sold out<\/span><br \/>\n<span style=\"color: #000000;\"><del><strong>Librairie Palais de Tokyo<\/strong> &#8211; 13 Avenue du Pr\u00e9sident Wilson, 75116 Paris<\/del> &#8211; Sold out<\/span><br \/>\n<span style=\"color: #000000;\"><del><strong>Librairie le Phenix<\/strong> &#8211; 72 Boulevard de S\u00e9bastopol, 75003 Paris<\/del> &#8211; Sold out\u00a0<\/span><br \/>\n<span style=\"color: #000000;\"><del><strong>Krea99<\/strong> &#8211; 83 rue de Dunkerque, 75009 Paris<\/del> &#8211; Sold out<\/span><br \/>\n<span style=\"color: #000000;\"><del><strong>La boutique des Arts D\u00e9coratifs<\/strong><\/del> &#8211;\u00a0107, rue de Rivoli, 75001 Paris Sold out<\/span><br \/>\n<span style=\"color: #000000;\"><del><strong>Librairie OFR<\/strong><\/del> &#8211;\u00a020 Rue Dupetit-Thouars, 75003 Paris Sold out<\/span><\/p>\n<div style=\"padding: 56.25% 0 0 0; position: relative;\"><iframe style=\"position: absolute; top: 0; left: 0; width: 100%; height: 100%;\" src=\"https:\/\/player.vimeo.com\/video\/165112634?title=0&amp;byline=0&amp;portrait=0\" frameborder=\"0\" allowfullscreen=\"allowfullscreen\"><\/iframe><\/div>\n<p><script src=\"https:\/\/player.vimeo.com\/api\/player.js\"><\/script><\/p>\n","protected":false},"excerpt":{"rendered":"<p>Cahier de Seoul est un magazine bilingue fran\u00e7ais cor\u00e9en sur la culture cor\u00e9enne.<br \/>\nDans ce premier num\u00e9ro,\u00a0nous pr\u00e9sentons les interviews de sept cr\u00e9ateurs S\u00e9oulites (trois photographes, deux illustrateurs, deux designers)\u00a0et des\u00a0propri\u00e9taires de leurs lieux pr\u00e9f\u00e9r\u00e9s \u00e0 S\u00e9oul.<\/p>\n<p>156 p.<br \/>\n170x240mm<\/p>\n","protected":false},"featured_media":26341,"template":"","meta":[],"product_brand":[],"product_cat":[364],"product_tag":[],"class_list":{"0":"post-26367","1":"product","2":"type-product","3":"status-publish","4":"has-post-thumbnail","6":"product_cat-livre","8":"first","9":"outofstock","10":"purchasable","11":"product-type-simple"},"yoast_head":"<!-- This site is optimized with the Yoast SEO plugin v27.1.1 - https:\/\/yoast.com\/product\/yoast-seo-wordpress\/ -->\n<title>Cahier de Seoul - People and places - \uae4c\uc774\uc5d0 \ub4dc \uc11c\uc6b8<\/title>\n<meta name=\"robots\" content=\"index, follow, max-snippet:-1, max-image-preview:large, max-video-preview:-1\" \/>\n<link rel=\"canonical\" href=\"https:\/\/cahierdeseoul.com\/ko\/shop\/cahier-de-seoul-people-and-places\/\" \/>\n<meta property=\"og:locale\" content=\"ko_KR\" \/>\n<meta property=\"og:type\" content=\"article\" \/>\n<meta property=\"og:title\" content=\"Cahier de Seoul - People and places - \uae4c\uc774\uc5d0 \ub4dc \uc11c\uc6b8\" \/>\n<meta property=\"og:description\" content=\"Cahier de Seoul est un magazine bilingue fran\u00e7ais cor\u00e9en sur la culture cor\u00e9enne. Dans ce premier num\u00e9ro,\u00a0nous pr\u00e9sentons les interviews de sept cr\u00e9ateurs S\u00e9oulites (trois photographes, deux illustrateurs, deux designers)\u00a0et des\u00a0propri\u00e9taires de leurs lieux pr\u00e9f\u00e9r\u00e9s \u00e0 S\u00e9oul.  156 p. 170x240mm\" \/>\n<meta property=\"og:url\" content=\"https:\/\/cahierdeseoul.com\/ko\/shop\/cahier-de-seoul-people-and-places\/\" \/>\n<meta property=\"og:site_name\" content=\"\uae4c\uc774\uc5d0 \ub4dc \uc11c\uc6b8\" \/>\n<meta property=\"article:publisher\" content=\"https:\/\/www.facebook.com\/CahierDeSeoul?ref_type=bookmark\" \/>\n<meta property=\"article:modified_time\" content=\"2023-10-08T12:43:21+00:00\" \/>\n<meta name=\"twitter:card\" content=\"summary_large_image\" \/>\n<meta name=\"twitter:site\" content=\"@cahier_de_seoul\" \/>\n<script type=\"application\/ld+json\" class=\"yoast-schema-graph\">{\"@context\":\"https:\/\/schema.org\",\"@graph\":[{\"@type\":\"WebPage\",\"@id\":\"https:\/\/cahierdeseoul.com\/ko\/shop\/cahier-de-seoul-people-and-places\/\",\"url\":\"https:\/\/cahierdeseoul.com\/ko\/shop\/cahier-de-seoul-people-and-places\/\",\"name\":\"Cahier de Seoul - People and places - \uae4c\uc774\uc5d0 \ub4dc \uc11c\uc6b8\",\"isPartOf\":{\"@id\":\"https:\/\/cahierdeseoul.com\/ko\/#website\"},\"primaryImageOfPage\":{\"@id\":\"https:\/\/cahierdeseoul.com\/ko\/shop\/cahier-de-seoul-people-and-places\/#primaryimage\"},\"image\":{\"@id\":\"https:\/\/cahierdeseoul.com\/ko\/shop\/cahier-de-seoul-people-and-places\/#primaryimage\"},\"thumbnailUrl\":\"https:\/\/i0.wp.com\/cdn.cahierdeseoul.com\/2023\/10\/cahier-de-seoul-cover.jpg?fit=1500%2C1803&ssl=1\",\"datePublished\":\"2023-10-08T12:43:20+00:00\",\"dateModified\":\"2023-10-08T12:43:21+00:00\",\"breadcrumb\":{\"@id\":\"https:\/\/cahierdeseoul.com\/ko\/shop\/cahier-de-seoul-people-and-places\/#breadcrumb\"},\"inLanguage\":\"ko-KR\",\"potentialAction\":[{\"@type\":\"ReadAction\",\"target\":[\"https:\/\/cahierdeseoul.com\/ko\/shop\/cahier-de-seoul-people-and-places\/\"]}]},{\"@type\":\"ImageObject\",\"inLanguage\":\"ko-KR\",\"@id\":\"https:\/\/cahierdeseoul.com\/ko\/shop\/cahier-de-seoul-people-and-places\/#primaryimage\",\"url\":\"https:\/\/i0.wp.com\/cdn.cahierdeseoul.com\/2023\/10\/cahier-de-seoul-cover.jpg?fit=1500%2C1803&ssl=1\",\"contentUrl\":\"https:\/\/i0.wp.com\/cdn.cahierdeseoul.com\/2023\/10\/cahier-de-seoul-cover.jpg?fit=1500%2C1803&ssl=1\",\"width\":1500,\"height\":1803},{\"@type\":\"BreadcrumbList\",\"@id\":\"https:\/\/cahierdeseoul.com\/ko\/shop\/cahier-de-seoul-people-and-places\/#breadcrumb\",\"itemListElement\":[{\"@type\":\"ListItem\",\"position\":1,\"name\":\"Accueil\",\"item\":\"https:\/\/cahierdeseoul.com\/ko\/\"},{\"@type\":\"ListItem\",\"position\":2,\"name\":\"Boutique\",\"item\":\"https:\/\/cahierdeseoul.com\/boutique\/\"},{\"@type\":\"ListItem\",\"position\":3,\"name\":\"Cahier de Seoul &#8211; People and places\"}]},{\"@type\":\"WebSite\",\"@id\":\"https:\/\/cahierdeseoul.com\/ko\/#website\",\"url\":\"https:\/\/cahierdeseoul.com\/ko\/\",\"name\":\"\uae4c\uc774\uc5d0 \ub4dc \uc11c\uc6b8\",\"description\":\"\uc11c\uc6b8 \ubb38\ud654 \uc7a1\uc9c0\",\"potentialAction\":[{\"@type\":\"SearchAction\",\"target\":{\"@type\":\"EntryPoint\",\"urlTemplate\":\"https:\/\/cahierdeseoul.com\/ko\/?s={search_term_string}\"},\"query-input\":{\"@type\":\"PropertyValueSpecification\",\"valueRequired\":true,\"valueName\":\"search_term_string\"}}],\"inLanguage\":\"ko-KR\"}]}<\/script>\n<!-- \/ Yoast SEO plugin. -->","yoast_head_json":{"title":"Cahier de Seoul - People and places - \uae4c\uc774\uc5d0 \ub4dc \uc11c\uc6b8","robots":{"index":"index","follow":"follow","max-snippet":"max-snippet:-1","max-image-preview":"max-image-preview:large","max-video-preview":"max-video-preview:-1"},"canonical":"https:\/\/cahierdeseoul.com\/ko\/shop\/cahier-de-seoul-people-and-places\/","og_locale":"ko_KR","og_type":"article","og_title":"Cahier de Seoul - People and places - \uae4c\uc774\uc5d0 \ub4dc \uc11c\uc6b8","og_description":"Cahier de Seoul est un magazine bilingue fran\u00e7ais cor\u00e9en sur la culture cor\u00e9enne. Dans ce premier num\u00e9ro,\u00a0nous pr\u00e9sentons les interviews de sept cr\u00e9ateurs S\u00e9oulites (trois photographes, deux illustrateurs, deux designers)\u00a0et des\u00a0propri\u00e9taires de leurs lieux pr\u00e9f\u00e9r\u00e9s \u00e0 S\u00e9oul.  156 p. 170x240mm","og_url":"https:\/\/cahierdeseoul.com\/ko\/shop\/cahier-de-seoul-people-and-places\/","og_site_name":"\uae4c\uc774\uc5d0 \ub4dc \uc11c\uc6b8","article_publisher":"https:\/\/www.facebook.com\/CahierDeSeoul?ref_type=bookmark","article_modified_time":"2023-10-08T12:43:21+00:00","twitter_card":"summary_large_image","twitter_site":"@cahier_de_seoul","schema":{"@context":"https:\/\/schema.org","@graph":[{"@type":"WebPage","@id":"https:\/\/cahierdeseoul.com\/ko\/shop\/cahier-de-seoul-people-and-places\/","url":"https:\/\/cahierdeseoul.com\/ko\/shop\/cahier-de-seoul-people-and-places\/","name":"Cahier de Seoul - People and places - \uae4c\uc774\uc5d0 \ub4dc \uc11c\uc6b8","isPartOf":{"@id":"https:\/\/cahierdeseoul.com\/ko\/#website"},"primaryImageOfPage":{"@id":"https:\/\/cahierdeseoul.com\/ko\/shop\/cahier-de-seoul-people-and-places\/#primaryimage"},"image":{"@id":"https:\/\/cahierdeseoul.com\/ko\/shop\/cahier-de-seoul-people-and-places\/#primaryimage"},"thumbnailUrl":"https:\/\/i0.wp.com\/cdn.cahierdeseoul.com\/2023\/10\/cahier-de-seoul-cover.jpg?fit=1500%2C1803&ssl=1","datePublished":"2023-10-08T12:43:20+00:00","dateModified":"2023-10-08T12:43:21+00:00","breadcrumb":{"@id":"https:\/\/cahierdeseoul.com\/ko\/shop\/cahier-de-seoul-people-and-places\/#breadcrumb"},"inLanguage":"ko-KR","potentialAction":[{"@type":"ReadAction","target":["https:\/\/cahierdeseoul.com\/ko\/shop\/cahier-de-seoul-people-and-places\/"]}]},{"@type":"ImageObject","inLanguage":"ko-KR","@id":"https:\/\/cahierdeseoul.com\/ko\/shop\/cahier-de-seoul-people-and-places\/#primaryimage","url":"https:\/\/i0.wp.com\/cdn.cahierdeseoul.com\/2023\/10\/cahier-de-seoul-cover.jpg?fit=1500%2C1803&ssl=1","contentUrl":"https:\/\/i0.wp.com\/cdn.cahierdeseoul.com\/2023\/10\/cahier-de-seoul-cover.jpg?fit=1500%2C1803&ssl=1","width":1500,"height":1803},{"@type":"BreadcrumbList","@id":"https:\/\/cahierdeseoul.com\/ko\/shop\/cahier-de-seoul-people-and-places\/#breadcrumb","itemListElement":[{"@type":"ListItem","position":1,"name":"Accueil","item":"https:\/\/cahierdeseoul.com\/ko\/"},{"@type":"ListItem","position":2,"name":"Boutique","item":"https:\/\/cahierdeseoul.com\/boutique\/"},{"@type":"ListItem","position":3,"name":"Cahier de Seoul &#8211; People and places"}]},{"@type":"WebSite","@id":"https:\/\/cahierdeseoul.com\/ko\/#website","url":"https:\/\/cahierdeseoul.com\/ko\/","name":"\uae4c\uc774\uc5d0 \ub4dc \uc11c\uc6b8","description":"\uc11c\uc6b8 \ubb38\ud654 \uc7a1\uc9c0","potentialAction":[{"@type":"SearchAction","target":{"@type":"EntryPoint","urlTemplate":"https:\/\/cahierdeseoul.com\/ko\/?s={search_term_string}"},"query-input":{"@type":"PropertyValueSpecification","valueRequired":true,"valueName":"search_term_string"}}],"inLanguage":"ko-KR"}]}},"_links":{"self":[{"href":"https:\/\/cahierdeseoul.com\/ko\/wp-json\/wp\/v2\/product\/26367","targetHints":{"allow":["GET"]}}],"collection":[{"href":"https:\/\/cahierdeseoul.com\/ko\/wp-json\/wp\/v2\/product"}],"about":[{"href":"https:\/\/cahierdeseoul.com\/ko\/wp-json\/wp\/v2\/types\/product"}],"wp:featuredmedia":[{"embeddable":true,"href":"https:\/\/cahierdeseoul.com\/ko\/wp-json\/wp\/v2\/media\/26341"}],"wp:attachment":[{"href":"https:\/\/cahierdeseoul.com\/ko\/wp-json\/wp\/v2\/media?parent=26367"}],"wp:term":[{"taxonomy":"product_brand","embeddable":true,"href":"https:\/\/cahierdeseoul.com\/ko\/wp-json\/wp\/v2\/product_brand?post=26367"},{"taxonomy":"product_cat","embeddable":true,"href":"https:\/\/cahierdeseoul.com\/ko\/wp-json\/wp\/v2\/product_cat?post=26367"},{"taxonomy":"product_tag","embeddable":true,"href":"https:\/\/cahierdeseoul.com\/ko\/wp-json\/wp\/v2\/product_tag?post=26367"}],"curies":[{"name":"wp","href":"https:\/\/api.w.org\/{rel}","templated":true}]}}