{"id":26370,"date":"2023-10-08T12:43:20","date_gmt":"2023-10-08T12:43:20","guid":{"rendered":"https:\/\/cahierdeseoul.com\/?post_type=product&#038;p=26370"},"modified":"2024-05-18T13:12:42","modified_gmt":"2024-05-18T11:12:42","slug":"les-bains-publics-de-seoul","status":"publish","type":"product","link":"https:\/\/cahierdeseoul.com\/ko\/shop\/les-bains-publics-de-seoul\/","title":{"rendered":"Les bains publics de Seoul"},"content":{"rendered":"<p><span style=\"color: #000000;\"><strong>&#8220;O\u00f9 il y avait des gens, il y avait des bains publics.&#8221;<\/strong><\/span><br \/>\n<span style=\"color: #000000;\">Les bains publics font partie de la culture cor\u00e9enne. Au-del\u00e0 de leur fonction pratique, ce sont des lieux d&#8217;\u00e9changes et de partage qui tendent \u00e0 disparaitre.\u00a0<\/span><\/p>\n<p><span style=\"color: #000000;\">&#8220;Quand j&#8217;\u00e9tais jeune, on trouvait des bains publics partout. Avec le temps et la modernisation des logements, leur nombre a commenc\u00e9 \u00e0 diminuer. Aujourd&#8217;hui, toute les maisons sont \u00e9quip\u00e9es de salle de bain, on ne peut pas emp\u00eacher l&#8217;\u00e9volution. Mais moi, je continue de les fr\u00e9quenter. Je plonge dans le grand bain chaud et l&#8217;espace d&#8217;un instant, j&#8217;oublis tous mes soucis.&#8221;<\/span><\/p>\n<p><span style=\"color: #000000;\">Dans le livre &#8220;Les bains publics de Seoul&#8221;, le photographe Hyunsung Park capte et enregistre l&#8217;atmosphere unique de 10 bains publics de la ville qui ont plus de 30 ans.\u00a0<\/span><\/p>\n","protected":false},"excerpt":{"rendered":"<p><span style=\"color: #000000;\">Editeur : 6699press<\/span><br \/>\n<span style=\"color: #000000;\">Nombre de pages : 272<\/span><br \/>\n<span style=\"color: #000000;\">Format : 171 x 230<\/span><\/p>\n","protected":false},"featured_media":26355,"template":"","meta":[],"product_brand":[],"product_cat":[364],"product_tag":[],"class_list":{"0":"post-26370","1":"product","2":"type-product","3":"status-publish","4":"has-post-thumbnail","6":"product_cat-livre","8":"first","9":"outofstock","10":"purchasable","11":"product-type-simple"},"yoast_head":"<!-- This site is optimized with the Yoast SEO plugin v27.1.1 - https:\/\/yoast.com\/product\/yoast-seo-wordpress\/ -->\n<title>Les bains publics de Seoul - \uae4c\uc774\uc5d0 \ub4dc \uc11c\uc6b8<\/title>\n<meta name=\"robots\" content=\"index, follow, max-snippet:-1, max-image-preview:large, max-video-preview:-1\" \/>\n<link rel=\"canonical\" href=\"https:\/\/cahierdeseoul.com\/ko\/shop\/les-bains-publics-de-seoul\/\" \/>\n<meta property=\"og:locale\" content=\"ko_KR\" \/>\n<meta property=\"og:type\" content=\"article\" \/>\n<meta property=\"og:title\" content=\"Les bains publics de Seoul - \uae4c\uc774\uc5d0 \ub4dc \uc11c\uc6b8\" \/>\n<meta property=\"og:description\" content=\"Editeur : 6699press Nombre de pages : 272 Format : 171 x 230\" \/>\n<meta property=\"og:url\" content=\"https:\/\/cahierdeseoul.com\/ko\/shop\/les-bains-publics-de-seoul\/\" \/>\n<meta property=\"og:site_name\" content=\"\uae4c\uc774\uc5d0 \ub4dc \uc11c\uc6b8\" \/>\n<meta property=\"article:publisher\" content=\"https:\/\/www.facebook.com\/CahierDeSeoul?ref_type=bookmark\" \/>\n<meta property=\"article:modified_time\" content=\"2024-05-18T11:12:42+00:00\" \/>\n<meta property=\"og:image\" content=\"https:\/\/cdn.cahierdeseoul.com\/2023\/10\/couv-bp-3.jpg\" \/>\n\t<meta property=\"og:image:width\" content=\"1181\" \/>\n\t<meta property=\"og:image:height\" content=\"1417\" \/>\n\t<meta property=\"og:image:type\" content=\"image\/jpeg\" \/>\n<meta name=\"twitter:card\" content=\"summary_large_image\" \/>\n<meta name=\"twitter:site\" content=\"@cahier_de_seoul\" \/>\n<meta name=\"twitter:label1\" content=\"\uc608\uc0c1 \ub418\ub294 \ud310\ub3c5 \uc2dc\uac04\" \/>\n\t<meta name=\"twitter:data1\" content=\"3\ubd84\" \/>\n<script type=\"application\/ld+json\" class=\"yoast-schema-graph\">{\"@context\":\"https:\/\/schema.org\",\"@graph\":[{\"@type\":\"WebPage\",\"@id\":\"https:\/\/cahierdeseoul.com\/ko\/shop\/les-bains-publics-de-seoul\/\",\"url\":\"https:\/\/cahierdeseoul.com\/ko\/shop\/les-bains-publics-de-seoul\/\",\"name\":\"Les bains publics de Seoul - \uae4c\uc774\uc5d0 \ub4dc \uc11c\uc6b8\",\"isPartOf\":{\"@id\":\"https:\/\/cahierdeseoul.com\/ko\/#website\"},\"primaryImageOfPage\":{\"@id\":\"https:\/\/cahierdeseoul.com\/ko\/shop\/les-bains-publics-de-seoul\/#primaryimage\"},\"image\":{\"@id\":\"https:\/\/cahierdeseoul.com\/ko\/shop\/les-bains-publics-de-seoul\/#primaryimage\"},\"thumbnailUrl\":\"https:\/\/i0.wp.com\/cdn.cahierdeseoul.com\/2023\/10\/couv-bp-3.jpg?fit=1181%2C1417&ssl=1\",\"datePublished\":\"2023-10-08T12:43:20+00:00\",\"dateModified\":\"2024-05-18T11:12:42+00:00\",\"breadcrumb\":{\"@id\":\"https:\/\/cahierdeseoul.com\/ko\/shop\/les-bains-publics-de-seoul\/#breadcrumb\"},\"inLanguage\":\"ko-KR\",\"potentialAction\":[{\"@type\":\"ReadAction\",\"target\":[\"https:\/\/cahierdeseoul.com\/ko\/shop\/les-bains-publics-de-seoul\/\"]}]},{\"@type\":\"ImageObject\",\"inLanguage\":\"ko-KR\",\"@id\":\"https:\/\/cahierdeseoul.com\/ko\/shop\/les-bains-publics-de-seoul\/#primaryimage\",\"url\":\"https:\/\/i0.wp.com\/cdn.cahierdeseoul.com\/2023\/10\/couv-bp-3.jpg?fit=1181%2C1417&ssl=1\",\"contentUrl\":\"https:\/\/i0.wp.com\/cdn.cahierdeseoul.com\/2023\/10\/couv-bp-3.jpg?fit=1181%2C1417&ssl=1\",\"width\":1181,\"height\":1417},{\"@type\":\"BreadcrumbList\",\"@id\":\"https:\/\/cahierdeseoul.com\/ko\/shop\/les-bains-publics-de-seoul\/#breadcrumb\",\"itemListElement\":[{\"@type\":\"ListItem\",\"position\":1,\"name\":\"Accueil\",\"item\":\"https:\/\/cahierdeseoul.com\/ko\/\"},{\"@type\":\"ListItem\",\"position\":2,\"name\":\"Boutique\",\"item\":\"https:\/\/cahierdeseoul.com\/boutique\/\"},{\"@type\":\"ListItem\",\"position\":3,\"name\":\"Les bains publics de Seoul\"}]},{\"@type\":\"WebSite\",\"@id\":\"https:\/\/cahierdeseoul.com\/ko\/#website\",\"url\":\"https:\/\/cahierdeseoul.com\/ko\/\",\"name\":\"\uae4c\uc774\uc5d0 \ub4dc \uc11c\uc6b8\",\"description\":\"\uc11c\uc6b8 \ubb38\ud654 \uc7a1\uc9c0\",\"potentialAction\":[{\"@type\":\"SearchAction\",\"target\":{\"@type\":\"EntryPoint\",\"urlTemplate\":\"https:\/\/cahierdeseoul.com\/ko\/?s={search_term_string}\"},\"query-input\":{\"@type\":\"PropertyValueSpecification\",\"valueRequired\":true,\"valueName\":\"search_term_string\"}}],\"inLanguage\":\"ko-KR\"}]}<\/script>\n<!-- \/ Yoast SEO plugin. -->","yoast_head_json":{"title":"Les bains publics de Seoul - \uae4c\uc774\uc5d0 \ub4dc \uc11c\uc6b8","robots":{"index":"index","follow":"follow","max-snippet":"max-snippet:-1","max-image-preview":"max-image-preview:large","max-video-preview":"max-video-preview:-1"},"canonical":"https:\/\/cahierdeseoul.com\/ko\/shop\/les-bains-publics-de-seoul\/","og_locale":"ko_KR","og_type":"article","og_title":"Les bains publics de Seoul - \uae4c\uc774\uc5d0 \ub4dc \uc11c\uc6b8","og_description":"Editeur : 6699press Nombre de pages : 272 Format : 171 x 230","og_url":"https:\/\/cahierdeseoul.com\/ko\/shop\/les-bains-publics-de-seoul\/","og_site_name":"\uae4c\uc774\uc5d0 \ub4dc \uc11c\uc6b8","article_publisher":"https:\/\/www.facebook.com\/CahierDeSeoul?ref_type=bookmark","article_modified_time":"2024-05-18T11:12:42+00:00","og_image":[{"width":1181,"height":1417,"url":"https:\/\/cdn.cahierdeseoul.com\/2023\/10\/couv-bp-3.jpg","type":"image\/jpeg"}],"twitter_card":"summary_large_image","twitter_site":"@cahier_de_seoul","twitter_misc":{"\uc608\uc0c1 \ub418\ub294 \ud310\ub3c5 \uc2dc\uac04":"3\ubd84"},"schema":{"@context":"https:\/\/schema.org","@graph":[{"@type":"WebPage","@id":"https:\/\/cahierdeseoul.com\/ko\/shop\/les-bains-publics-de-seoul\/","url":"https:\/\/cahierdeseoul.com\/ko\/shop\/les-bains-publics-de-seoul\/","name":"Les bains publics de Seoul - \uae4c\uc774\uc5d0 \ub4dc \uc11c\uc6b8","isPartOf":{"@id":"https:\/\/cahierdeseoul.com\/ko\/#website"},"primaryImageOfPage":{"@id":"https:\/\/cahierdeseoul.com\/ko\/shop\/les-bains-publics-de-seoul\/#primaryimage"},"image":{"@id":"https:\/\/cahierdeseoul.com\/ko\/shop\/les-bains-publics-de-seoul\/#primaryimage"},"thumbnailUrl":"https:\/\/i0.wp.com\/cdn.cahierdeseoul.com\/2023\/10\/couv-bp-3.jpg?fit=1181%2C1417&ssl=1","datePublished":"2023-10-08T12:43:20+00:00","dateModified":"2024-05-18T11:12:42+00:00","breadcrumb":{"@id":"https:\/\/cahierdeseoul.com\/ko\/shop\/les-bains-publics-de-seoul\/#breadcrumb"},"inLanguage":"ko-KR","potentialAction":[{"@type":"ReadAction","target":["https:\/\/cahierdeseoul.com\/ko\/shop\/les-bains-publics-de-seoul\/"]}]},{"@type":"ImageObject","inLanguage":"ko-KR","@id":"https:\/\/cahierdeseoul.com\/ko\/shop\/les-bains-publics-de-seoul\/#primaryimage","url":"https:\/\/i0.wp.com\/cdn.cahierdeseoul.com\/2023\/10\/couv-bp-3.jpg?fit=1181%2C1417&ssl=1","contentUrl":"https:\/\/i0.wp.com\/cdn.cahierdeseoul.com\/2023\/10\/couv-bp-3.jpg?fit=1181%2C1417&ssl=1","width":1181,"height":1417},{"@type":"BreadcrumbList","@id":"https:\/\/cahierdeseoul.com\/ko\/shop\/les-bains-publics-de-seoul\/#breadcrumb","itemListElement":[{"@type":"ListItem","position":1,"name":"Accueil","item":"https:\/\/cahierdeseoul.com\/ko\/"},{"@type":"ListItem","position":2,"name":"Boutique","item":"https:\/\/cahierdeseoul.com\/boutique\/"},{"@type":"ListItem","position":3,"name":"Les bains publics de Seoul"}]},{"@type":"WebSite","@id":"https:\/\/cahierdeseoul.com\/ko\/#website","url":"https:\/\/cahierdeseoul.com\/ko\/","name":"\uae4c\uc774\uc5d0 \ub4dc \uc11c\uc6b8","description":"\uc11c\uc6b8 \ubb38\ud654 \uc7a1\uc9c0","potentialAction":[{"@type":"SearchAction","target":{"@type":"EntryPoint","urlTemplate":"https:\/\/cahierdeseoul.com\/ko\/?s={search_term_string}"},"query-input":{"@type":"PropertyValueSpecification","valueRequired":true,"valueName":"search_term_string"}}],"inLanguage":"ko-KR"}]}},"_links":{"self":[{"href":"https:\/\/cahierdeseoul.com\/ko\/wp-json\/wp\/v2\/product\/26370","targetHints":{"allow":["GET"]}}],"collection":[{"href":"https:\/\/cahierdeseoul.com\/ko\/wp-json\/wp\/v2\/product"}],"about":[{"href":"https:\/\/cahierdeseoul.com\/ko\/wp-json\/wp\/v2\/types\/product"}],"wp:featuredmedia":[{"embeddable":true,"href":"https:\/\/cahierdeseoul.com\/ko\/wp-json\/wp\/v2\/media\/26355"}],"wp:attachment":[{"href":"https:\/\/cahierdeseoul.com\/ko\/wp-json\/wp\/v2\/media?parent=26370"}],"wp:term":[{"taxonomy":"product_brand","embeddable":true,"href":"https:\/\/cahierdeseoul.com\/ko\/wp-json\/wp\/v2\/product_brand?post=26370"},{"taxonomy":"product_cat","embeddable":true,"href":"https:\/\/cahierdeseoul.com\/ko\/wp-json\/wp\/v2\/product_cat?post=26370"},{"taxonomy":"product_tag","embeddable":true,"href":"https:\/\/cahierdeseoul.com\/ko\/wp-json\/wp\/v2\/product_tag?post=26370"}],"curies":[{"name":"wp","href":"https:\/\/api.w.org\/{rel}","templated":true}]}}