{"id":26371,"date":"2023-10-08T12:43:20","date_gmt":"2023-10-08T12:43:20","guid":{"rendered":"https:\/\/cahierdeseoul.com\/?post_type=product&#038;p=26371"},"modified":"2025-06-29T17:45:44","modified_gmt":"2025-06-29T15:45:44","slug":"totebag-seoul-han-river","status":"publish","type":"product","link":"https:\/\/cahierdeseoul.com\/ko\/shop\/totebag-seoul-han-river\/","title":{"rendered":"Totebag Seoul &#8211; Han River"},"content":{"rendered":"","protected":false},"excerpt":{"rendered":"<p><strong>Qualit\u00e9 :<\/strong> Sac 100% coton, 220 grammes.<br \/>\n<b>Dimensions :<\/b>\u00a038 x 42 cm<br \/>\n<strong>Marquage :<\/strong> s\u00e9rigraphie recto &#8211; vecto<br \/>\n<b>Dimensions anses :<\/b>\u00a065 x 2,5 cm<\/p>\n<p>&nbsp;<\/p>\n","protected":false},"featured_media":26378,"template":"","meta":[],"product_brand":[],"product_cat":[366],"product_tag":[],"class_list":{"0":"post-26371","1":"product","2":"type-product","3":"status-publish","4":"has-post-thumbnail","6":"product_cat-totebag","8":"first","9":"outofstock","10":"purchasable","11":"product-type-simple"},"yoast_head":"<!-- This site is optimized with the Yoast SEO plugin v27.1.1 - https:\/\/yoast.com\/product\/yoast-seo-wordpress\/ -->\n<title>Totebag design Cor\u00e9e du sud - Seoul | Cahier de Seoul SHOP<\/title>\n<meta name=\"description\" content=\"Sac Totebag Seoul noir, 100% coton, s\u00e9rigraphi\u00e9 recto verso. Accessoire de Cor\u00e9e du sud %\" \/>\n<meta name=\"robots\" content=\"index, follow, max-snippet:-1, max-image-preview:large, max-video-preview:-1\" \/>\n<link rel=\"canonical\" href=\"https:\/\/cahierdeseoul.com\/ko\/shop\/totebag-seoul-han-river\/\" \/>\n<meta property=\"og:locale\" content=\"ko_KR\" \/>\n<meta property=\"og:type\" content=\"article\" \/>\n<meta property=\"og:title\" content=\"Totebag design Cor\u00e9e du sud - Seoul | Cahier de Seoul SHOP\" \/>\n<meta property=\"og:description\" content=\"Sac Totebag Seoul noir, 100% coton, s\u00e9rigraphi\u00e9 recto verso. Accessoire de Cor\u00e9e du sud %\" \/>\n<meta property=\"og:url\" content=\"https:\/\/cahierdeseoul.com\/ko\/shop\/totebag-seoul-han-river\/\" \/>\n<meta property=\"og:site_name\" content=\"\uae4c\uc774\uc5d0 \ub4dc \uc11c\uc6b8\" \/>\n<meta property=\"article:publisher\" content=\"https:\/\/www.facebook.com\/CahierDeSeoul?ref_type=bookmark\" \/>\n<meta property=\"article:modified_time\" content=\"2025-06-29T15:45:44+00:00\" \/>\n<meta property=\"og:image\" content=\"https:\/\/cdn.cahierdeseoul.com\/2023\/10\/Seoul-totebag-1-scaled.jpg\" \/>\n\t<meta property=\"og:image:width\" content=\"2131\" \/>\n\t<meta property=\"og:image:height\" content=\"2560\" \/>\n\t<meta property=\"og:image:type\" content=\"image\/jpeg\" \/>\n<meta name=\"twitter:card\" content=\"summary_large_image\" \/>\n<meta name=\"twitter:site\" content=\"@cahier_de_seoul\" \/>\n<meta name=\"twitter:label1\" content=\"\uc608\uc0c1 \ub418\ub294 \ud310\ub3c5 \uc2dc\uac04\" \/>\n\t<meta name=\"twitter:data1\" content=\"1\ubd84\" \/>\n<script type=\"application\/ld+json\" class=\"yoast-schema-graph\">{\"@context\":\"https:\/\/schema.org\",\"@graph\":[{\"@type\":\"WebPage\",\"@id\":\"https:\/\/cahierdeseoul.com\/ko\/shop\/totebag-seoul-han-river\/\",\"url\":\"https:\/\/cahierdeseoul.com\/ko\/shop\/totebag-seoul-han-river\/\",\"name\":\"Totebag design Cor\u00e9e du sud - Seoul | Cahier de Seoul SHOP\",\"isPartOf\":{\"@id\":\"https:\/\/cahierdeseoul.com\/ko\/#website\"},\"primaryImageOfPage\":{\"@id\":\"https:\/\/cahierdeseoul.com\/ko\/shop\/totebag-seoul-han-river\/#primaryimage\"},\"image\":{\"@id\":\"https:\/\/cahierdeseoul.com\/ko\/shop\/totebag-seoul-han-river\/#primaryimage\"},\"thumbnailUrl\":\"https:\/\/i0.wp.com\/cdn.cahierdeseoul.com\/2023\/10\/Seoul-totebag-1-scaled.jpg?fit=2131%2C2560&ssl=1\",\"datePublished\":\"2023-10-08T12:43:20+00:00\",\"dateModified\":\"2025-06-29T15:45:44+00:00\",\"description\":\"Sac Totebag Seoul noir, 100% coton, s\u00e9rigraphi\u00e9 recto verso. Accessoire de Cor\u00e9e du sud %\",\"breadcrumb\":{\"@id\":\"https:\/\/cahierdeseoul.com\/ko\/shop\/totebag-seoul-han-river\/#breadcrumb\"},\"inLanguage\":\"ko-KR\",\"potentialAction\":[{\"@type\":\"ReadAction\",\"target\":[\"https:\/\/cahierdeseoul.com\/ko\/shop\/totebag-seoul-han-river\/\"]}]},{\"@type\":\"ImageObject\",\"inLanguage\":\"ko-KR\",\"@id\":\"https:\/\/cahierdeseoul.com\/ko\/shop\/totebag-seoul-han-river\/#primaryimage\",\"url\":\"https:\/\/i0.wp.com\/cdn.cahierdeseoul.com\/2023\/10\/Seoul-totebag-1-scaled.jpg?fit=2131%2C2560&ssl=1\",\"contentUrl\":\"https:\/\/i0.wp.com\/cdn.cahierdeseoul.com\/2023\/10\/Seoul-totebag-1-scaled.jpg?fit=2131%2C2560&ssl=1\",\"width\":2131,\"height\":2560},{\"@type\":\"BreadcrumbList\",\"@id\":\"https:\/\/cahierdeseoul.com\/ko\/shop\/totebag-seoul-han-river\/#breadcrumb\",\"itemListElement\":[{\"@type\":\"ListItem\",\"position\":1,\"name\":\"Accueil\",\"item\":\"https:\/\/cahierdeseoul.com\/ko\/\"},{\"@type\":\"ListItem\",\"position\":2,\"name\":\"Boutique\",\"item\":\"https:\/\/cahierdeseoul.com\/boutique\/\"},{\"@type\":\"ListItem\",\"position\":3,\"name\":\"Totebag Seoul &#8211; Han River\"}]},{\"@type\":\"WebSite\",\"@id\":\"https:\/\/cahierdeseoul.com\/ko\/#website\",\"url\":\"https:\/\/cahierdeseoul.com\/ko\/\",\"name\":\"\uae4c\uc774\uc5d0 \ub4dc \uc11c\uc6b8\",\"description\":\"\uc11c\uc6b8 \ubb38\ud654 \uc7a1\uc9c0\",\"potentialAction\":[{\"@type\":\"SearchAction\",\"target\":{\"@type\":\"EntryPoint\",\"urlTemplate\":\"https:\/\/cahierdeseoul.com\/ko\/?s={search_term_string}\"},\"query-input\":{\"@type\":\"PropertyValueSpecification\",\"valueRequired\":true,\"valueName\":\"search_term_string\"}}],\"inLanguage\":\"ko-KR\"}]}<\/script>\n<!-- \/ Yoast SEO plugin. -->","yoast_head_json":{"title":"Totebag design Cor\u00e9e du sud - Seoul | Cahier de Seoul SHOP","description":"Sac Totebag Seoul noir, 100% coton, s\u00e9rigraphi\u00e9 recto verso. Accessoire de Cor\u00e9e du sud %","robots":{"index":"index","follow":"follow","max-snippet":"max-snippet:-1","max-image-preview":"max-image-preview:large","max-video-preview":"max-video-preview:-1"},"canonical":"https:\/\/cahierdeseoul.com\/ko\/shop\/totebag-seoul-han-river\/","og_locale":"ko_KR","og_type":"article","og_title":"Totebag design Cor\u00e9e du sud - Seoul | Cahier de Seoul SHOP","og_description":"Sac Totebag Seoul noir, 100% coton, s\u00e9rigraphi\u00e9 recto verso. Accessoire de Cor\u00e9e du sud %","og_url":"https:\/\/cahierdeseoul.com\/ko\/shop\/totebag-seoul-han-river\/","og_site_name":"\uae4c\uc774\uc5d0 \ub4dc \uc11c\uc6b8","article_publisher":"https:\/\/www.facebook.com\/CahierDeSeoul?ref_type=bookmark","article_modified_time":"2025-06-29T15:45:44+00:00","og_image":[{"width":2131,"height":2560,"url":"https:\/\/cdn.cahierdeseoul.com\/2023\/10\/Seoul-totebag-1-scaled.jpg","type":"image\/jpeg"}],"twitter_card":"summary_large_image","twitter_site":"@cahier_de_seoul","twitter_misc":{"\uc608\uc0c1 \ub418\ub294 \ud310\ub3c5 \uc2dc\uac04":"1\ubd84"},"schema":{"@context":"https:\/\/schema.org","@graph":[{"@type":"WebPage","@id":"https:\/\/cahierdeseoul.com\/ko\/shop\/totebag-seoul-han-river\/","url":"https:\/\/cahierdeseoul.com\/ko\/shop\/totebag-seoul-han-river\/","name":"Totebag design Cor\u00e9e du sud - Seoul | Cahier de Seoul SHOP","isPartOf":{"@id":"https:\/\/cahierdeseoul.com\/ko\/#website"},"primaryImageOfPage":{"@id":"https:\/\/cahierdeseoul.com\/ko\/shop\/totebag-seoul-han-river\/#primaryimage"},"image":{"@id":"https:\/\/cahierdeseoul.com\/ko\/shop\/totebag-seoul-han-river\/#primaryimage"},"thumbnailUrl":"https:\/\/i0.wp.com\/cdn.cahierdeseoul.com\/2023\/10\/Seoul-totebag-1-scaled.jpg?fit=2131%2C2560&ssl=1","datePublished":"2023-10-08T12:43:20+00:00","dateModified":"2025-06-29T15:45:44+00:00","description":"Sac Totebag Seoul noir, 100% coton, s\u00e9rigraphi\u00e9 recto verso. Accessoire de Cor\u00e9e du sud %","breadcrumb":{"@id":"https:\/\/cahierdeseoul.com\/ko\/shop\/totebag-seoul-han-river\/#breadcrumb"},"inLanguage":"ko-KR","potentialAction":[{"@type":"ReadAction","target":["https:\/\/cahierdeseoul.com\/ko\/shop\/totebag-seoul-han-river\/"]}]},{"@type":"ImageObject","inLanguage":"ko-KR","@id":"https:\/\/cahierdeseoul.com\/ko\/shop\/totebag-seoul-han-river\/#primaryimage","url":"https:\/\/i0.wp.com\/cdn.cahierdeseoul.com\/2023\/10\/Seoul-totebag-1-scaled.jpg?fit=2131%2C2560&ssl=1","contentUrl":"https:\/\/i0.wp.com\/cdn.cahierdeseoul.com\/2023\/10\/Seoul-totebag-1-scaled.jpg?fit=2131%2C2560&ssl=1","width":2131,"height":2560},{"@type":"BreadcrumbList","@id":"https:\/\/cahierdeseoul.com\/ko\/shop\/totebag-seoul-han-river\/#breadcrumb","itemListElement":[{"@type":"ListItem","position":1,"name":"Accueil","item":"https:\/\/cahierdeseoul.com\/ko\/"},{"@type":"ListItem","position":2,"name":"Boutique","item":"https:\/\/cahierdeseoul.com\/boutique\/"},{"@type":"ListItem","position":3,"name":"Totebag Seoul &#8211; Han River"}]},{"@type":"WebSite","@id":"https:\/\/cahierdeseoul.com\/ko\/#website","url":"https:\/\/cahierdeseoul.com\/ko\/","name":"\uae4c\uc774\uc5d0 \ub4dc \uc11c\uc6b8","description":"\uc11c\uc6b8 \ubb38\ud654 \uc7a1\uc9c0","potentialAction":[{"@type":"SearchAction","target":{"@type":"EntryPoint","urlTemplate":"https:\/\/cahierdeseoul.com\/ko\/?s={search_term_string}"},"query-input":{"@type":"PropertyValueSpecification","valueRequired":true,"valueName":"search_term_string"}}],"inLanguage":"ko-KR"}]}},"_links":{"self":[{"href":"https:\/\/cahierdeseoul.com\/ko\/wp-json\/wp\/v2\/product\/26371","targetHints":{"allow":["GET"]}}],"collection":[{"href":"https:\/\/cahierdeseoul.com\/ko\/wp-json\/wp\/v2\/product"}],"about":[{"href":"https:\/\/cahierdeseoul.com\/ko\/wp-json\/wp\/v2\/types\/product"}],"wp:featuredmedia":[{"embeddable":true,"href":"https:\/\/cahierdeseoul.com\/ko\/wp-json\/wp\/v2\/media\/26378"}],"wp:attachment":[{"href":"https:\/\/cahierdeseoul.com\/ko\/wp-json\/wp\/v2\/media?parent=26371"}],"wp:term":[{"taxonomy":"product_brand","embeddable":true,"href":"https:\/\/cahierdeseoul.com\/ko\/wp-json\/wp\/v2\/product_brand?post=26371"},{"taxonomy":"product_cat","embeddable":true,"href":"https:\/\/cahierdeseoul.com\/ko\/wp-json\/wp\/v2\/product_cat?post=26371"},{"taxonomy":"product_tag","embeddable":true,"href":"https:\/\/cahierdeseoul.com\/ko\/wp-json\/wp\/v2\/product_tag?post=26371"}],"curies":[{"name":"wp","href":"https:\/\/api.w.org\/{rel}","templated":true}]}}