{"id":26373,"date":"2023-10-08T12:43:21","date_gmt":"2023-10-08T12:43:21","guid":{"rendered":"https:\/\/cahierdeseoul.com\/?post_type=product&#038;p=26373"},"modified":"2025-12-22T00:35:54","modified_gmt":"2025-12-21T23:35:54","slug":"cahier-de-seoul-mountains-in-seoul","status":"publish","type":"product","link":"https:\/\/cahierdeseoul.com\/ko\/shop\/cahier-de-seoul-mountains-in-seoul\/","title":{"rendered":"Cahier de Seoul &#8211; Mountains in Seoul"},"content":{"rendered":"<p><img data-recalc-dims=\"1\" decoding=\"async\" class=\"aligncenter size-full wp-image-30306\" src=\"https:\/\/i0.wp.com\/cdn.cahierdeseoul.com\/2023\/10\/cahier-de-seoul-13-1.jpg?resize=1300%2C867&#038;ssl=1\" alt=\"\" width=\"1300\" height=\"867\" srcset=\"https:\/\/i0.wp.com\/cdn.cahierdeseoul.com\/2023\/10\/cahier-de-seoul-13-1.jpg?w=1300&amp;ssl=1 1300w, https:\/\/i0.wp.com\/cdn.cahierdeseoul.com\/2023\/10\/cahier-de-seoul-13-1.jpg?resize=300%2C200&amp;ssl=1 300w, https:\/\/i0.wp.com\/cdn.cahierdeseoul.com\/2023\/10\/cahier-de-seoul-13-1.jpg?resize=768%2C512&amp;ssl=1 768w, https:\/\/i0.wp.com\/cdn.cahierdeseoul.com\/2023\/10\/cahier-de-seoul-13-1.jpg?resize=600%2C400&amp;ssl=1 600w, https:\/\/i0.wp.com\/cdn.cahierdeseoul.com\/2023\/10\/cahier-de-seoul-13-1.jpg?resize=750%2C500&amp;ssl=1 750w, https:\/\/i0.wp.com\/cdn.cahierdeseoul.com\/2023\/10\/cahier-de-seoul-13-1.jpg?resize=1140%2C760&amp;ssl=1 1140w\" sizes=\"(max-width: 1000px) 100vw, 1000px\" \/><\/p>\n<p><img data-recalc-dims=\"1\" decoding=\"async\" class=\"aligncenter size-full wp-image-30259\" src=\"https:\/\/i0.wp.com\/cdn.cahierdeseoul.com\/2023\/10\/cahier-de-seoul-9.jpg?resize=2000%2C1333&#038;ssl=1\" alt=\"\" width=\"2000\" height=\"1333\" srcset=\"https:\/\/i0.wp.com\/cdn.cahierdeseoul.com\/2023\/10\/cahier-de-seoul-9.jpg?w=2000&amp;ssl=1 2000w, https:\/\/i0.wp.com\/cdn.cahierdeseoul.com\/2023\/10\/cahier-de-seoul-9.jpg?resize=300%2C200&amp;ssl=1 300w, https:\/\/i0.wp.com\/cdn.cahierdeseoul.com\/2023\/10\/cahier-de-seoul-9.jpg?resize=1400%2C933&amp;ssl=1 1400w, https:\/\/i0.wp.com\/cdn.cahierdeseoul.com\/2023\/10\/cahier-de-seoul-9.jpg?resize=768%2C512&amp;ssl=1 768w, https:\/\/i0.wp.com\/cdn.cahierdeseoul.com\/2023\/10\/cahier-de-seoul-9.jpg?resize=1536%2C1024&amp;ssl=1 1536w, https:\/\/i0.wp.com\/cdn.cahierdeseoul.com\/2023\/10\/cahier-de-seoul-9.jpg?resize=600%2C400&amp;ssl=1 600w, https:\/\/i0.wp.com\/cdn.cahierdeseoul.com\/2023\/10\/cahier-de-seoul-9.jpg?resize=750%2C500&amp;ssl=1 750w, https:\/\/i0.wp.com\/cdn.cahierdeseoul.com\/2023\/10\/cahier-de-seoul-9.jpg?resize=1140%2C760&amp;ssl=1 1140w\" sizes=\"(max-width: 1000px) 100vw, 1000px\" \/><\/p>\n<p><img data-recalc-dims=\"1\" decoding=\"async\" class=\"aligncenter size-full wp-image-30268\" src=\"https:\/\/i0.wp.com\/cdn.cahierdeseoul.com\/2023\/10\/cahier-de-seoul-22.jpg?resize=2000%2C1355&#038;ssl=1\" alt=\"\" width=\"2000\" height=\"1355\" srcset=\"https:\/\/i0.wp.com\/cdn.cahierdeseoul.com\/2023\/10\/cahier-de-seoul-22.jpg?w=2000&amp;ssl=1 2000w, https:\/\/i0.wp.com\/cdn.cahierdeseoul.com\/2023\/10\/cahier-de-seoul-22.jpg?resize=300%2C203&amp;ssl=1 300w, https:\/\/i0.wp.com\/cdn.cahierdeseoul.com\/2023\/10\/cahier-de-seoul-22.jpg?resize=1400%2C949&amp;ssl=1 1400w, https:\/\/i0.wp.com\/cdn.cahierdeseoul.com\/2023\/10\/cahier-de-seoul-22.jpg?resize=768%2C520&amp;ssl=1 768w, https:\/\/i0.wp.com\/cdn.cahierdeseoul.com\/2023\/10\/cahier-de-seoul-22.jpg?resize=1536%2C1041&amp;ssl=1 1536w, https:\/\/i0.wp.com\/cdn.cahierdeseoul.com\/2023\/10\/cahier-de-seoul-22.jpg?resize=600%2C407&amp;ssl=1 600w, https:\/\/i0.wp.com\/cdn.cahierdeseoul.com\/2023\/10\/cahier-de-seoul-22.jpg?resize=750%2C508&amp;ssl=1 750w, https:\/\/i0.wp.com\/cdn.cahierdeseoul.com\/2023\/10\/cahier-de-seoul-22.jpg?resize=1140%2C772&amp;ssl=1 1140w\" sizes=\"(max-width: 1000px) 100vw, 1000px\" \/><\/p>\n<p><img data-recalc-dims=\"1\" decoding=\"async\" class=\"aligncenter size-full wp-image-30262\" src=\"https:\/\/i0.wp.com\/cdn.cahierdeseoul.com\/2023\/10\/cahier-de-seoul-15.jpg?resize=2000%2C1359&#038;ssl=1\" alt=\"\" width=\"2000\" height=\"1359\" srcset=\"https:\/\/i0.wp.com\/cdn.cahierdeseoul.com\/2023\/10\/cahier-de-seoul-15.jpg?w=2000&amp;ssl=1 2000w, https:\/\/i0.wp.com\/cdn.cahierdeseoul.com\/2023\/10\/cahier-de-seoul-15.jpg?resize=300%2C204&amp;ssl=1 300w, https:\/\/i0.wp.com\/cdn.cahierdeseoul.com\/2023\/10\/cahier-de-seoul-15.jpg?resize=1400%2C951&amp;ssl=1 1400w, https:\/\/i0.wp.com\/cdn.cahierdeseoul.com\/2023\/10\/cahier-de-seoul-15.jpg?resize=768%2C522&amp;ssl=1 768w, https:\/\/i0.wp.com\/cdn.cahierdeseoul.com\/2023\/10\/cahier-de-seoul-15.jpg?resize=1536%2C1044&amp;ssl=1 1536w, https:\/\/i0.wp.com\/cdn.cahierdeseoul.com\/2023\/10\/cahier-de-seoul-15.jpg?resize=600%2C408&amp;ssl=1 600w, https:\/\/i0.wp.com\/cdn.cahierdeseoul.com\/2023\/10\/cahier-de-seoul-15.jpg?resize=750%2C510&amp;ssl=1 750w, https:\/\/i0.wp.com\/cdn.cahierdeseoul.com\/2023\/10\/cahier-de-seoul-15.jpg?resize=1140%2C775&amp;ssl=1 1140w\" sizes=\"(max-width: 1000px) 100vw, 1000px\" \/><br \/>\n<img data-recalc-dims=\"1\" decoding=\"async\" class=\"aligncenter size-full wp-image-30271\" src=\"https:\/\/i0.wp.com\/cdn.cahierdeseoul.com\/2023\/10\/cahier-de-seoul-11-1.jpg?resize=2000%2C1333&#038;ssl=1\" alt=\"\" width=\"2000\" height=\"1333\" srcset=\"https:\/\/i0.wp.com\/cdn.cahierdeseoul.com\/2023\/10\/cahier-de-seoul-11-1.jpg?w=2000&amp;ssl=1 2000w, https:\/\/i0.wp.com\/cdn.cahierdeseoul.com\/2023\/10\/cahier-de-seoul-11-1.jpg?resize=300%2C200&amp;ssl=1 300w, https:\/\/i0.wp.com\/cdn.cahierdeseoul.com\/2023\/10\/cahier-de-seoul-11-1.jpg?resize=1400%2C933&amp;ssl=1 1400w, https:\/\/i0.wp.com\/cdn.cahierdeseoul.com\/2023\/10\/cahier-de-seoul-11-1.jpg?resize=768%2C512&amp;ssl=1 768w, https:\/\/i0.wp.com\/cdn.cahierdeseoul.com\/2023\/10\/cahier-de-seoul-11-1.jpg?resize=1536%2C1024&amp;ssl=1 1536w, https:\/\/i0.wp.com\/cdn.cahierdeseoul.com\/2023\/10\/cahier-de-seoul-11-1.jpg?resize=600%2C400&amp;ssl=1 600w, https:\/\/i0.wp.com\/cdn.cahierdeseoul.com\/2023\/10\/cahier-de-seoul-11-1.jpg?resize=750%2C500&amp;ssl=1 750w, https:\/\/i0.wp.com\/cdn.cahierdeseoul.com\/2023\/10\/cahier-de-seoul-11-1.jpg?resize=1140%2C760&amp;ssl=1 1140w\" sizes=\"(max-width: 1000px) 100vw, 1000px\" \/><br \/>\n<img data-recalc-dims=\"1\" decoding=\"async\" class=\"aligncenter size-full wp-image-30254\" src=\"https:\/\/i0.wp.com\/cdn.cahierdeseoul.com\/2023\/10\/cahier-de-seoul-2.jpg?resize=2000%2C1333&#038;ssl=1\" alt=\"\" width=\"2000\" height=\"1333\" srcset=\"https:\/\/i0.wp.com\/cdn.cahierdeseoul.com\/2023\/10\/cahier-de-seoul-2.jpg?w=2000&amp;ssl=1 2000w, https:\/\/i0.wp.com\/cdn.cahierdeseoul.com\/2023\/10\/cahier-de-seoul-2.jpg?resize=300%2C200&amp;ssl=1 300w, https:\/\/i0.wp.com\/cdn.cahierdeseoul.com\/2023\/10\/cahier-de-seoul-2.jpg?resize=1400%2C933&amp;ssl=1 1400w, https:\/\/i0.wp.com\/cdn.cahierdeseoul.com\/2023\/10\/cahier-de-seoul-2.jpg?resize=768%2C512&amp;ssl=1 768w, https:\/\/i0.wp.com\/cdn.cahierdeseoul.com\/2023\/10\/cahier-de-seoul-2.jpg?resize=1536%2C1024&amp;ssl=1 1536w, https:\/\/i0.wp.com\/cdn.cahierdeseoul.com\/2023\/10\/cahier-de-seoul-2.jpg?resize=600%2C400&amp;ssl=1 600w, https:\/\/i0.wp.com\/cdn.cahierdeseoul.com\/2023\/10\/cahier-de-seoul-2.jpg?resize=750%2C500&amp;ssl=1 750w, https:\/\/i0.wp.com\/cdn.cahierdeseoul.com\/2023\/10\/cahier-de-seoul-2.jpg?resize=1140%2C760&amp;ssl=1 1140w\" sizes=\"(max-width: 1000px) 100vw, 1000px\" \/> <img data-recalc-dims=\"1\" decoding=\"async\" class=\"aligncenter size-full wp-image-30256\" src=\"https:\/\/i0.wp.com\/cdn.cahierdeseoul.com\/2023\/10\/cahier-de-seoul-6.jpg?resize=2000%2C1391&#038;ssl=1\" alt=\"\" width=\"2000\" height=\"1391\" srcset=\"https:\/\/i0.wp.com\/cdn.cahierdeseoul.com\/2023\/10\/cahier-de-seoul-6.jpg?w=2000&amp;ssl=1 2000w, https:\/\/i0.wp.com\/cdn.cahierdeseoul.com\/2023\/10\/cahier-de-seoul-6.jpg?resize=300%2C209&amp;ssl=1 300w, https:\/\/i0.wp.com\/cdn.cahierdeseoul.com\/2023\/10\/cahier-de-seoul-6.jpg?resize=1400%2C974&amp;ssl=1 1400w, https:\/\/i0.wp.com\/cdn.cahierdeseoul.com\/2023\/10\/cahier-de-seoul-6.jpg?resize=768%2C534&amp;ssl=1 768w, https:\/\/i0.wp.com\/cdn.cahierdeseoul.com\/2023\/10\/cahier-de-seoul-6.jpg?resize=1536%2C1068&amp;ssl=1 1536w, https:\/\/i0.wp.com\/cdn.cahierdeseoul.com\/2023\/10\/cahier-de-seoul-6.jpg?resize=600%2C417&amp;ssl=1 600w, https:\/\/i0.wp.com\/cdn.cahierdeseoul.com\/2023\/10\/cahier-de-seoul-6.jpg?resize=750%2C522&amp;ssl=1 750w, https:\/\/i0.wp.com\/cdn.cahierdeseoul.com\/2023\/10\/cahier-de-seoul-6.jpg?resize=1140%2C793&amp;ssl=1 1140w\" sizes=\"(max-width: 1000px) 100vw, 1000px\" \/> <img data-recalc-dims=\"1\" decoding=\"async\" class=\"aligncenter size-full wp-image-30258\" src=\"https:\/\/i0.wp.com\/cdn.cahierdeseoul.com\/2023\/10\/cahier-de-seoul-8.jpg?resize=2000%2C1333&#038;ssl=1\" alt=\"\" width=\"2000\" height=\"1333\" srcset=\"https:\/\/i0.wp.com\/cdn.cahierdeseoul.com\/2023\/10\/cahier-de-seoul-8.jpg?w=2000&amp;ssl=1 2000w, https:\/\/i0.wp.com\/cdn.cahierdeseoul.com\/2023\/10\/cahier-de-seoul-8.jpg?resize=300%2C200&amp;ssl=1 300w, https:\/\/i0.wp.com\/cdn.cahierdeseoul.com\/2023\/10\/cahier-de-seoul-8.jpg?resize=1400%2C933&amp;ssl=1 1400w, https:\/\/i0.wp.com\/cdn.cahierdeseoul.com\/2023\/10\/cahier-de-seoul-8.jpg?resize=768%2C512&amp;ssl=1 768w, https:\/\/i0.wp.com\/cdn.cahierdeseoul.com\/2023\/10\/cahier-de-seoul-8.jpg?resize=1536%2C1024&amp;ssl=1 1536w, https:\/\/i0.wp.com\/cdn.cahierdeseoul.com\/2023\/10\/cahier-de-seoul-8.jpg?resize=600%2C400&amp;ssl=1 600w, https:\/\/i0.wp.com\/cdn.cahierdeseoul.com\/2023\/10\/cahier-de-seoul-8.jpg?resize=750%2C500&amp;ssl=1 750w, https:\/\/i0.wp.com\/cdn.cahierdeseoul.com\/2023\/10\/cahier-de-seoul-8.jpg?resize=1140%2C760&amp;ssl=1 1140w\" sizes=\"(max-width: 1000px) 100vw, 1000px\" \/> <img data-recalc-dims=\"1\" decoding=\"async\" class=\"aligncenter size-full wp-image-30261\" src=\"https:\/\/i0.wp.com\/cdn.cahierdeseoul.com\/2023\/10\/cahier-de-seoul-14.jpg?resize=2000%2C1333&#038;ssl=1\" alt=\"\" width=\"2000\" height=\"1333\" srcset=\"https:\/\/i0.wp.com\/cdn.cahierdeseoul.com\/2023\/10\/cahier-de-seoul-14.jpg?w=2000&amp;ssl=1 2000w, https:\/\/i0.wp.com\/cdn.cahierdeseoul.com\/2023\/10\/cahier-de-seoul-14.jpg?resize=300%2C200&amp;ssl=1 300w, https:\/\/i0.wp.com\/cdn.cahierdeseoul.com\/2023\/10\/cahier-de-seoul-14.jpg?resize=1400%2C933&amp;ssl=1 1400w, https:\/\/i0.wp.com\/cdn.cahierdeseoul.com\/2023\/10\/cahier-de-seoul-14.jpg?resize=768%2C512&amp;ssl=1 768w, https:\/\/i0.wp.com\/cdn.cahierdeseoul.com\/2023\/10\/cahier-de-seoul-14.jpg?resize=1536%2C1024&amp;ssl=1 1536w, https:\/\/i0.wp.com\/cdn.cahierdeseoul.com\/2023\/10\/cahier-de-seoul-14.jpg?resize=600%2C400&amp;ssl=1 600w, https:\/\/i0.wp.com\/cdn.cahierdeseoul.com\/2023\/10\/cahier-de-seoul-14.jpg?resize=750%2C500&amp;ssl=1 750w, https:\/\/i0.wp.com\/cdn.cahierdeseoul.com\/2023\/10\/cahier-de-seoul-14.jpg?resize=1140%2C760&amp;ssl=1 1140w\" sizes=\"(max-width: 1000px) 100vw, 1000px\" \/> <img data-recalc-dims=\"1\" decoding=\"async\" class=\"aligncenter size-full wp-image-30270\" src=\"https:\/\/i0.wp.com\/cdn.cahierdeseoul.com\/2023\/10\/cahier-de-seoul-5.jpg?resize=2000%2C1333&#038;ssl=1\" alt=\"\" width=\"2000\" height=\"1333\" srcset=\"https:\/\/i0.wp.com\/cdn.cahierdeseoul.com\/2023\/10\/cahier-de-seoul-5.jpg?w=2000&amp;ssl=1 2000w, https:\/\/i0.wp.com\/cdn.cahierdeseoul.com\/2023\/10\/cahier-de-seoul-5.jpg?resize=300%2C200&amp;ssl=1 300w, https:\/\/i0.wp.com\/cdn.cahierdeseoul.com\/2023\/10\/cahier-de-seoul-5.jpg?resize=1400%2C933&amp;ssl=1 1400w, https:\/\/i0.wp.com\/cdn.cahierdeseoul.com\/2023\/10\/cahier-de-seoul-5.jpg?resize=768%2C512&amp;ssl=1 768w, https:\/\/i0.wp.com\/cdn.cahierdeseoul.com\/2023\/10\/cahier-de-seoul-5.jpg?resize=1536%2C1024&amp;ssl=1 1536w, https:\/\/i0.wp.com\/cdn.cahierdeseoul.com\/2023\/10\/cahier-de-seoul-5.jpg?resize=600%2C400&amp;ssl=1 600w, https:\/\/i0.wp.com\/cdn.cahierdeseoul.com\/2023\/10\/cahier-de-seoul-5.jpg?resize=750%2C500&amp;ssl=1 750w, https:\/\/i0.wp.com\/cdn.cahierdeseoul.com\/2023\/10\/cahier-de-seoul-5.jpg?resize=1140%2C760&amp;ssl=1 1140w\" sizes=\"(max-width: 1000px) 100vw, 1000px\" \/><br \/>\n<img data-recalc-dims=\"1\" decoding=\"async\" class=\"aligncenter size-full wp-image-30264\" src=\"https:\/\/i0.wp.com\/cdn.cahierdeseoul.com\/2023\/10\/cahier-de-seoul-17.jpg?resize=2000%2C1347&#038;ssl=1\" alt=\"\" width=\"2000\" height=\"1347\" srcset=\"https:\/\/i0.wp.com\/cdn.cahierdeseoul.com\/2023\/10\/cahier-de-seoul-17.jpg?w=2000&amp;ssl=1 2000w, https:\/\/i0.wp.com\/cdn.cahierdeseoul.com\/2023\/10\/cahier-de-seoul-17.jpg?resize=300%2C202&amp;ssl=1 300w, https:\/\/i0.wp.com\/cdn.cahierdeseoul.com\/2023\/10\/cahier-de-seoul-17.jpg?resize=1400%2C943&amp;ssl=1 1400w, https:\/\/i0.wp.com\/cdn.cahierdeseoul.com\/2023\/10\/cahier-de-seoul-17.jpg?resize=768%2C517&amp;ssl=1 768w, https:\/\/i0.wp.com\/cdn.cahierdeseoul.com\/2023\/10\/cahier-de-seoul-17.jpg?resize=1536%2C1034&amp;ssl=1 1536w, https:\/\/i0.wp.com\/cdn.cahierdeseoul.com\/2023\/10\/cahier-de-seoul-17.jpg?resize=600%2C404&amp;ssl=1 600w, https:\/\/i0.wp.com\/cdn.cahierdeseoul.com\/2023\/10\/cahier-de-seoul-17.jpg?resize=750%2C505&amp;ssl=1 750w, https:\/\/i0.wp.com\/cdn.cahierdeseoul.com\/2023\/10\/cahier-de-seoul-17.jpg?resize=1140%2C768&amp;ssl=1 1140w\" sizes=\"(max-width: 1000px) 100vw, 1000px\" \/> <img data-recalc-dims=\"1\" decoding=\"async\" class=\"aligncenter size-full wp-image-30265\" src=\"https:\/\/i0.wp.com\/cdn.cahierdeseoul.com\/2023\/10\/cahier-de-seoul-18.jpg?resize=2000%2C1391&#038;ssl=1\" alt=\"\" width=\"2000\" height=\"1391\" srcset=\"https:\/\/i0.wp.com\/cdn.cahierdeseoul.com\/2023\/10\/cahier-de-seoul-18.jpg?w=2000&amp;ssl=1 2000w, https:\/\/i0.wp.com\/cdn.cahierdeseoul.com\/2023\/10\/cahier-de-seoul-18.jpg?resize=300%2C209&amp;ssl=1 300w, https:\/\/i0.wp.com\/cdn.cahierdeseoul.com\/2023\/10\/cahier-de-seoul-18.jpg?resize=1400%2C974&amp;ssl=1 1400w, https:\/\/i0.wp.com\/cdn.cahierdeseoul.com\/2023\/10\/cahier-de-seoul-18.jpg?resize=768%2C534&amp;ssl=1 768w, https:\/\/i0.wp.com\/cdn.cahierdeseoul.com\/2023\/10\/cahier-de-seoul-18.jpg?resize=1536%2C1068&amp;ssl=1 1536w, https:\/\/i0.wp.com\/cdn.cahierdeseoul.com\/2023\/10\/cahier-de-seoul-18.jpg?resize=600%2C417&amp;ssl=1 600w, https:\/\/i0.wp.com\/cdn.cahierdeseoul.com\/2023\/10\/cahier-de-seoul-18.jpg?resize=750%2C522&amp;ssl=1 750w, https:\/\/i0.wp.com\/cdn.cahierdeseoul.com\/2023\/10\/cahier-de-seoul-18.jpg?resize=1140%2C793&amp;ssl=1 1140w\" sizes=\"(max-width: 1000px) 100vw, 1000px\" \/> <img data-recalc-dims=\"1\" decoding=\"async\" class=\"aligncenter size-full wp-image-30266\" src=\"https:\/\/i0.wp.com\/cdn.cahierdeseoul.com\/2023\/10\/cahier-de-seoul-20.jpg?resize=2000%2C1458&#038;ssl=1\" alt=\"\" width=\"2000\" height=\"1458\" srcset=\"https:\/\/i0.wp.com\/cdn.cahierdeseoul.com\/2023\/10\/cahier-de-seoul-20.jpg?w=2000&amp;ssl=1 2000w, https:\/\/i0.wp.com\/cdn.cahierdeseoul.com\/2023\/10\/cahier-de-seoul-20.jpg?resize=300%2C219&amp;ssl=1 300w, https:\/\/i0.wp.com\/cdn.cahierdeseoul.com\/2023\/10\/cahier-de-seoul-20.jpg?resize=1400%2C1021&amp;ssl=1 1400w, https:\/\/i0.wp.com\/cdn.cahierdeseoul.com\/2023\/10\/cahier-de-seoul-20.jpg?resize=768%2C560&amp;ssl=1 768w, https:\/\/i0.wp.com\/cdn.cahierdeseoul.com\/2023\/10\/cahier-de-seoul-20.jpg?resize=1536%2C1120&amp;ssl=1 1536w, https:\/\/i0.wp.com\/cdn.cahierdeseoul.com\/2023\/10\/cahier-de-seoul-20.jpg?resize=600%2C437&amp;ssl=1 600w, https:\/\/i0.wp.com\/cdn.cahierdeseoul.com\/2023\/10\/cahier-de-seoul-20.jpg?resize=120%2C86&amp;ssl=1 120w, https:\/\/i0.wp.com\/cdn.cahierdeseoul.com\/2023\/10\/cahier-de-seoul-20.jpg?resize=750%2C547&amp;ssl=1 750w, https:\/\/i0.wp.com\/cdn.cahierdeseoul.com\/2023\/10\/cahier-de-seoul-20.jpg?resize=1140%2C831&amp;ssl=1 1140w\" sizes=\"(max-width: 1000px) 100vw, 1000px\" \/><\/p>\n","protected":false},"excerpt":{"rendered":"<h2 class=\"p1\">Un magazine ind\u00e9pendant consacr\u00e9 \u00e0 la cr\u00e9ation contemporaine en Cor\u00e9e du Sud.<b><br \/>\n<\/b><b><\/b><\/h2>\n<p class=\"p1\"><strong>Plongez dans le S\u00e9oul cr\u00e9atif.<\/strong><br \/>\n\u00c0 travers des portraits, des rencontres et des reportages visuels, Cahier de Seoul explore la sc\u00e8ne artistique, le design, l\u2019architecture et l\u2019artisanat qui fa\u00e7onnent le S\u00e9oul d\u2019aujourd\u2019hui.<\/p>\n<p>232 p.<br \/>\nFormat : 170x240mm<br \/>\nImpression : offset<\/p>\n","protected":false},"featured_media":28942,"template":"","meta":[],"product_brand":[],"product_cat":[364,369],"product_tag":[],"class_list":{"0":"post-26373","1":"product","2":"type-product","3":"status-publish","4":"has-post-thumbnail","6":"product_cat-livre","7":"product_cat-papeterie","9":"first","10":"instock","11":"shipping-taxable","12":"purchasable","13":"product-type-simple"},"yoast_head":"<!-- This site is optimized with the Yoast SEO plugin v27.1.1 - https:\/\/yoast.com\/product\/yoast-seo-wordpress\/ -->\n<title>Magazine cor\u00e9en - Cahier de Seoul - Mountains in Seoul<\/title>\n<meta name=\"description\" content=\"Cahier de Seoul, un magazine cor\u00e9en ind\u00e9pendant sur l\u2019art, le design, l&#039;artisanat et la photographie contemporaine de S\u00e9oul.\" \/>\n<meta name=\"robots\" content=\"index, follow, max-snippet:-1, max-image-preview:large, max-video-preview:-1\" \/>\n<link rel=\"canonical\" href=\"https:\/\/cahierdeseoul.com\/ko\/shop\/cahier-de-seoul-mountains-in-seoul\/\" \/>\n<meta property=\"og:locale\" content=\"ko_KR\" \/>\n<meta property=\"og:type\" content=\"article\" \/>\n<meta property=\"og:title\" content=\"Magazine cor\u00e9en - Cahier de Seoul - Mountains in Seoul\" \/>\n<meta property=\"og:description\" content=\"Cahier de Seoul, un magazine cor\u00e9en ind\u00e9pendant sur l\u2019art, le design, l&#039;artisanat et la photographie contemporaine de S\u00e9oul.\" \/>\n<meta property=\"og:url\" content=\"https:\/\/cahierdeseoul.com\/ko\/shop\/cahier-de-seoul-mountains-in-seoul\/\" \/>\n<meta property=\"og:site_name\" content=\"\uae4c\uc774\uc5d0 \ub4dc \uc11c\uc6b8\" \/>\n<meta property=\"article:publisher\" content=\"https:\/\/www.facebook.com\/CahierDeSeoul?ref_type=bookmark\" \/>\n<meta property=\"article:modified_time\" content=\"2025-12-21T23:35:54+00:00\" \/>\n<meta property=\"og:image\" content=\"https:\/\/cdn.cahierdeseoul.com\/2023\/10\/couv-cahierdeseoul.jpg\" \/>\n\t<meta property=\"og:image:width\" content=\"900\" \/>\n\t<meta property=\"og:image:height\" content=\"1234\" \/>\n\t<meta property=\"og:image:type\" content=\"image\/jpeg\" \/>\n<meta name=\"twitter:card\" content=\"summary_large_image\" \/>\n<meta name=\"twitter:site\" content=\"@cahier_de_seoul\" \/>\n<meta name=\"twitter:label1\" content=\"\uc608\uc0c1 \ub418\ub294 \ud310\ub3c5 \uc2dc\uac04\" \/>\n\t<meta name=\"twitter:data1\" content=\"3\ubd84\" \/>\n<script type=\"application\/ld+json\" class=\"yoast-schema-graph\">{\"@context\":\"https:\/\/schema.org\",\"@graph\":[{\"@type\":\"WebPage\",\"@id\":\"https:\/\/cahierdeseoul.com\/ko\/shop\/cahier-de-seoul-mountains-in-seoul\/\",\"url\":\"https:\/\/cahierdeseoul.com\/ko\/shop\/cahier-de-seoul-mountains-in-seoul\/\",\"name\":\"Magazine cor\u00e9en - Cahier de Seoul - Mountains in Seoul\",\"isPartOf\":{\"@id\":\"https:\/\/cahierdeseoul.com\/ko\/#website\"},\"primaryImageOfPage\":{\"@id\":\"https:\/\/cahierdeseoul.com\/ko\/shop\/cahier-de-seoul-mountains-in-seoul\/#primaryimage\"},\"image\":{\"@id\":\"https:\/\/cahierdeseoul.com\/ko\/shop\/cahier-de-seoul-mountains-in-seoul\/#primaryimage\"},\"thumbnailUrl\":\"https:\/\/i0.wp.com\/cdn.cahierdeseoul.com\/2023\/10\/couv-cahierdeseoul.jpg?fit=900%2C1234&ssl=1\",\"datePublished\":\"2023-10-08T12:43:21+00:00\",\"dateModified\":\"2025-12-21T23:35:54+00:00\",\"description\":\"Cahier de Seoul, un magazine cor\u00e9en ind\u00e9pendant sur l\u2019art, le design, l'artisanat et la photographie contemporaine de S\u00e9oul.\",\"breadcrumb\":{\"@id\":\"https:\/\/cahierdeseoul.com\/ko\/shop\/cahier-de-seoul-mountains-in-seoul\/#breadcrumb\"},\"inLanguage\":\"ko-KR\",\"potentialAction\":[{\"@type\":\"ReadAction\",\"target\":[\"https:\/\/cahierdeseoul.com\/ko\/shop\/cahier-de-seoul-mountains-in-seoul\/\"]}]},{\"@type\":\"ImageObject\",\"inLanguage\":\"ko-KR\",\"@id\":\"https:\/\/cahierdeseoul.com\/ko\/shop\/cahier-de-seoul-mountains-in-seoul\/#primaryimage\",\"url\":\"https:\/\/i0.wp.com\/cdn.cahierdeseoul.com\/2023\/10\/couv-cahierdeseoul.jpg?fit=900%2C1234&ssl=1\",\"contentUrl\":\"https:\/\/i0.wp.com\/cdn.cahierdeseoul.com\/2023\/10\/couv-cahierdeseoul.jpg?fit=900%2C1234&ssl=1\",\"width\":900,\"height\":1234},{\"@type\":\"BreadcrumbList\",\"@id\":\"https:\/\/cahierdeseoul.com\/ko\/shop\/cahier-de-seoul-mountains-in-seoul\/#breadcrumb\",\"itemListElement\":[{\"@type\":\"ListItem\",\"position\":1,\"name\":\"Accueil\",\"item\":\"https:\/\/cahierdeseoul.com\/ko\/\"},{\"@type\":\"ListItem\",\"position\":2,\"name\":\"Boutique\",\"item\":\"https:\/\/cahierdeseoul.com\/boutique\/\"},{\"@type\":\"ListItem\",\"position\":3,\"name\":\"Cahier de Seoul &#8211; Mountains in Seoul\"}]},{\"@type\":\"WebSite\",\"@id\":\"https:\/\/cahierdeseoul.com\/ko\/#website\",\"url\":\"https:\/\/cahierdeseoul.com\/ko\/\",\"name\":\"\uae4c\uc774\uc5d0 \ub4dc \uc11c\uc6b8\",\"description\":\"\uc11c\uc6b8 \ubb38\ud654 \uc7a1\uc9c0\",\"potentialAction\":[{\"@type\":\"SearchAction\",\"target\":{\"@type\":\"EntryPoint\",\"urlTemplate\":\"https:\/\/cahierdeseoul.com\/ko\/?s={search_term_string}\"},\"query-input\":{\"@type\":\"PropertyValueSpecification\",\"valueRequired\":true,\"valueName\":\"search_term_string\"}}],\"inLanguage\":\"ko-KR\"}]}<\/script>\n<!-- \/ Yoast SEO plugin. -->","yoast_head_json":{"title":"Magazine cor\u00e9en - Cahier de Seoul - Mountains in Seoul","description":"Cahier de Seoul, un magazine cor\u00e9en ind\u00e9pendant sur l\u2019art, le design, l'artisanat et la photographie contemporaine de S\u00e9oul.","robots":{"index":"index","follow":"follow","max-snippet":"max-snippet:-1","max-image-preview":"max-image-preview:large","max-video-preview":"max-video-preview:-1"},"canonical":"https:\/\/cahierdeseoul.com\/ko\/shop\/cahier-de-seoul-mountains-in-seoul\/","og_locale":"ko_KR","og_type":"article","og_title":"Magazine cor\u00e9en - Cahier de Seoul - Mountains in Seoul","og_description":"Cahier de Seoul, un magazine cor\u00e9en ind\u00e9pendant sur l\u2019art, le design, l'artisanat et la photographie contemporaine de S\u00e9oul.","og_url":"https:\/\/cahierdeseoul.com\/ko\/shop\/cahier-de-seoul-mountains-in-seoul\/","og_site_name":"\uae4c\uc774\uc5d0 \ub4dc \uc11c\uc6b8","article_publisher":"https:\/\/www.facebook.com\/CahierDeSeoul?ref_type=bookmark","article_modified_time":"2025-12-21T23:35:54+00:00","og_image":[{"width":900,"height":1234,"url":"https:\/\/cdn.cahierdeseoul.com\/2023\/10\/couv-cahierdeseoul.jpg","type":"image\/jpeg"}],"twitter_card":"summary_large_image","twitter_site":"@cahier_de_seoul","twitter_misc":{"\uc608\uc0c1 \ub418\ub294 \ud310\ub3c5 \uc2dc\uac04":"3\ubd84"},"schema":{"@context":"https:\/\/schema.org","@graph":[{"@type":"WebPage","@id":"https:\/\/cahierdeseoul.com\/ko\/shop\/cahier-de-seoul-mountains-in-seoul\/","url":"https:\/\/cahierdeseoul.com\/ko\/shop\/cahier-de-seoul-mountains-in-seoul\/","name":"Magazine cor\u00e9en - Cahier de Seoul - Mountains in Seoul","isPartOf":{"@id":"https:\/\/cahierdeseoul.com\/ko\/#website"},"primaryImageOfPage":{"@id":"https:\/\/cahierdeseoul.com\/ko\/shop\/cahier-de-seoul-mountains-in-seoul\/#primaryimage"},"image":{"@id":"https:\/\/cahierdeseoul.com\/ko\/shop\/cahier-de-seoul-mountains-in-seoul\/#primaryimage"},"thumbnailUrl":"https:\/\/i0.wp.com\/cdn.cahierdeseoul.com\/2023\/10\/couv-cahierdeseoul.jpg?fit=900%2C1234&ssl=1","datePublished":"2023-10-08T12:43:21+00:00","dateModified":"2025-12-21T23:35:54+00:00","description":"Cahier de Seoul, un magazine cor\u00e9en ind\u00e9pendant sur l\u2019art, le design, l'artisanat et la photographie contemporaine de S\u00e9oul.","breadcrumb":{"@id":"https:\/\/cahierdeseoul.com\/ko\/shop\/cahier-de-seoul-mountains-in-seoul\/#breadcrumb"},"inLanguage":"ko-KR","potentialAction":[{"@type":"ReadAction","target":["https:\/\/cahierdeseoul.com\/ko\/shop\/cahier-de-seoul-mountains-in-seoul\/"]}]},{"@type":"ImageObject","inLanguage":"ko-KR","@id":"https:\/\/cahierdeseoul.com\/ko\/shop\/cahier-de-seoul-mountains-in-seoul\/#primaryimage","url":"https:\/\/i0.wp.com\/cdn.cahierdeseoul.com\/2023\/10\/couv-cahierdeseoul.jpg?fit=900%2C1234&ssl=1","contentUrl":"https:\/\/i0.wp.com\/cdn.cahierdeseoul.com\/2023\/10\/couv-cahierdeseoul.jpg?fit=900%2C1234&ssl=1","width":900,"height":1234},{"@type":"BreadcrumbList","@id":"https:\/\/cahierdeseoul.com\/ko\/shop\/cahier-de-seoul-mountains-in-seoul\/#breadcrumb","itemListElement":[{"@type":"ListItem","position":1,"name":"Accueil","item":"https:\/\/cahierdeseoul.com\/ko\/"},{"@type":"ListItem","position":2,"name":"Boutique","item":"https:\/\/cahierdeseoul.com\/boutique\/"},{"@type":"ListItem","position":3,"name":"Cahier de Seoul &#8211; Mountains in Seoul"}]},{"@type":"WebSite","@id":"https:\/\/cahierdeseoul.com\/ko\/#website","url":"https:\/\/cahierdeseoul.com\/ko\/","name":"\uae4c\uc774\uc5d0 \ub4dc \uc11c\uc6b8","description":"\uc11c\uc6b8 \ubb38\ud654 \uc7a1\uc9c0","potentialAction":[{"@type":"SearchAction","target":{"@type":"EntryPoint","urlTemplate":"https:\/\/cahierdeseoul.com\/ko\/?s={search_term_string}"},"query-input":{"@type":"PropertyValueSpecification","valueRequired":true,"valueName":"search_term_string"}}],"inLanguage":"ko-KR"}]}},"_links":{"self":[{"href":"https:\/\/cahierdeseoul.com\/ko\/wp-json\/wp\/v2\/product\/26373","targetHints":{"allow":["GET"]}}],"collection":[{"href":"https:\/\/cahierdeseoul.com\/ko\/wp-json\/wp\/v2\/product"}],"about":[{"href":"https:\/\/cahierdeseoul.com\/ko\/wp-json\/wp\/v2\/types\/product"}],"wp:featuredmedia":[{"embeddable":true,"href":"https:\/\/cahierdeseoul.com\/ko\/wp-json\/wp\/v2\/media\/28942"}],"wp:attachment":[{"href":"https:\/\/cahierdeseoul.com\/ko\/wp-json\/wp\/v2\/media?parent=26373"}],"wp:term":[{"taxonomy":"product_brand","embeddable":true,"href":"https:\/\/cahierdeseoul.com\/ko\/wp-json\/wp\/v2\/product_brand?post=26373"},{"taxonomy":"product_cat","embeddable":true,"href":"https:\/\/cahierdeseoul.com\/ko\/wp-json\/wp\/v2\/product_cat?post=26373"},{"taxonomy":"product_tag","embeddable":true,"href":"https:\/\/cahierdeseoul.com\/ko\/wp-json\/wp\/v2\/product_tag?post=26373"}],"curies":[{"name":"wp","href":"https:\/\/api.w.org\/{rel}","templated":true}]}}