{"id":26377,"date":"2023-10-08T12:43:21","date_gmt":"2023-10-08T12:43:21","guid":{"rendered":"https:\/\/cahierdeseoul.com\/?post_type=product&#038;p=26377"},"modified":"2026-03-16T17:52:18","modified_gmt":"2026-03-16T16:52:18","slug":"concrete-seoul-map","status":"publish","type":"product","link":"https:\/\/cahierdeseoul.com\/ko\/shop\/concrete-seoul-map\/","title":{"rendered":"Carte de l\u2019architecture brutaliste de S\u00e9oul"},"content":{"rendered":"<p>\uc11c\uc6b8\uc5d0 \uc9c0\uc5b4\uc9c4 \uac00\uc7a5 \ub180\ub77c\uc6b4 \ucf58\ud06c\ub9ac\ud2b8 \uac74\ubb3c\ub4e4\uc744 \uae30\ub150\ud558\uae30 \uc704\ud574 \ub9cc\ub4e4\uc5b4\uc9c4 &#8216;\ucf58\ud06c\ub9ac\ud2b8 \uc11c\uc6b8\uc9c0\ub3c4&#8217;\ub294 \uc591\uba74\uc73c\ub85c \uad6c\uc131\ub41c \uc544\ub984\ub2e4\uc6b4 \uc9c0\ub3c4\ub85c, \uac74\ucd95 \uc5ed\uc0ac \uad50\uc218 \uae40\ud604\uc12d\uc758 \uc18c\uac1c \uae00\uacfc \uc0ac\uc9c4\uc791\uac00 \ucd5c\uc6a9\uc900\uc774 \ucd2c\uc601\ud55c 50\uac1c\uac00 \ub118\ub294 \uc120\ubcc4\ub41c \ucf58\ud06c\ub9ac\ud2b8 \uac74\ubb3c \uc0ac\uc9c4\uc73c\ub85c \uad6c\uc131\ub418\uc5b4 \uc788\ub2e4. &#8216;\ucf58\ud06c\ub9ac\ud2b8 \uc11c\uc6b8\uc9c0\ub3c4&#8217;\ub294 1960\ub144\ub300\ubd80\ud130 \uc624\ub298\uae4c\uc9c0 \uc11c\uc6b8\uacfc \uc11c\uc6b8 \uadfc\uad50\uc5d0 \uc9c0\uc5b4\uc9c4 \ud55c\uad6d \ucf58\ud06c\ub9ac\ud2b8 \uac74\ucd95\ubb3c\uc758 \uc5ed\uc0ac\ub97c \ud55c\ub208\uc5d0 \uc0b4\ud3b4\ubcfc \uc218 \uc788\ub2e4. \uac74\ucd95\uac00 \uae40\uc218\uadfc, \uc2b9\ud6a8\uc0c1, \uae40\uc911\uc5c5, \uc624\uc138\ubbfc, \uacfd\ud76c\uc218 \uc678\uc5d0\ub3c4 MVRDV, \uc2a4\ud2f0\ube10 \ud640, \uc790\ud558 \ud558\ub514\ub4dc\uc758 \uac74\ucd95\ubb3c\uc774 \ud3ec\ud568\ub418\uc5b4 \uc788\ub2e4. \ud14d\uc2a4\ud2b8\ub294 \uc601\uc5b4\uc640 \ud55c\uad6d\uc5b4\ub85c \ub418\uc5b4 \uc788\ub2e4.<\/p>\n<p><img data-recalc-dims=\"1\" decoding=\"async\" class=\"aligncenter size-full wp-image-27429\" src=\"https:\/\/i0.wp.com\/cdn.cahierdeseoul.com\/2023\/10\/Concrete_Seoul_Map_open_reverse-750_1445x.webp?resize=750%2C500&#038;ssl=1\" alt=\"\" width=\"750\" height=\"500\" srcset=\"https:\/\/i0.wp.com\/cdn.cahierdeseoul.com\/2023\/10\/Concrete_Seoul_Map_open_reverse-750_1445x.webp?w=750&amp;ssl=1 750w, https:\/\/i0.wp.com\/cdn.cahierdeseoul.com\/2023\/10\/Concrete_Seoul_Map_open_reverse-750_1445x.webp?resize=300%2C200&amp;ssl=1 300w, https:\/\/i0.wp.com\/cdn.cahierdeseoul.com\/2023\/10\/Concrete_Seoul_Map_open_reverse-750_1445x.webp?resize=600%2C400&amp;ssl=1 600w\" sizes=\"(max-width: 750px) 100vw, 750px\" \/><\/p>\n<p><em>Interview with Derek Lamberton, founder of Blue Crow Media<\/em><\/p>\n<div dir=\"ltr\">\n<div dir=\"ltr\"><strong>1 &#8211; You make the different maps on concrete or brutalist buildings. Why this interest in these constructions in cities?<\/strong><\/div>\n<div dir=\"ltr\">\n<p>Our primary interest is in Brutalist architecture. London, where we are based, offers a tremendous variety of Brutalist and concrete-built architecture. However, we find that other cities, such as Seoul, present their own take on the style and era, which doesn&#8217;t fit as neatly stylistically as does a city in the former Yugoslavia or Australia or Paris even. So we shift the focus from Brutalism to concrete, or to modernism, or to another style which might be more appropriate to the city in focus. I&#8217;m a small publisher, so the titles mostly reflect my own personal interests, but also those of our customers. More to the point, much of the 20th century&#8217;s architecture is underappreciated, due to a variety of often very valid reasons and emotions. But we think as time passes, now is a good moment to reflect on what was done well, particularly in the second half of the 20th century, and what we might be able to learn from and improve upon today. I think (or hope!) a focus on Brutalist and concrete architecture has the capacity to change perspectives.<\/p>\n<p><em><strong>Vous r\u00e9alisez diff\u00e9rentes cartes sur les b\u00e2timents en b\u00e9ton ou brutalistes. Pourquoi cet int\u00e9r\u00eat pour ces constructions dans les villes ?<br \/>\n<\/strong><\/em><em>Notre principal int\u00e9r\u00eat porte sur l\u2019architecture brutaliste. Londres, o\u00f9 nous sommes bas\u00e9s, offre une incroyable diversit\u00e9 d\u2019architectures brutalistes et en b\u00e9ton. Cependant, d\u2019autres villes, comme S\u00e9oul, d\u00e9veloppent leur propre interpr\u00e9tation de ce style et de cette \u00e9poque, qui ne s\u2019inscrit pas aussi clairement dans un cadre stylistique d\u00e9fini que des villes comme celles de l\u2019ex-Yougoslavie, de l\u2019Australie ou m\u00eame de Paris. C\u2019est pourquoi nous adaptons notre approche en mettant l\u2019accent non plus uniquement sur le brutalisme, mais aussi sur le b\u00e9ton, le modernisme ou d\u2019autres styles plus appropri\u00e9s \u00e0 la ville \u00e9tudi\u00e9e. <span style=\"font-family: -apple-system, BlinkMacSystemFont, 'Segoe UI', Roboto, Oxygen-Sans, Ubuntu, Cantarell, 'Helvetica Neue', sans-serif;\">\u00c9tant un petit \u00e9diteur, mes publications refl\u00e8tent avant tout mes propres int\u00e9r\u00eats personnels, mais aussi ceux de notre public. Plus largement, une grande partie de l\u2019architecture du XX\u1d49 si\u00e8cle reste sous-estim\u00e9e, souvent pour des raisons et des \u00e9motions parfaitement l\u00e9gitimes. Pourtant, nous pensons qu\u2019avec le recul, il est temps d\u2019\u00e9valuer ce qui a \u00e9t\u00e9 bien r\u00e9alis\u00e9, en particulier dans la seconde moiti\u00e9 du XX\u1d49 si\u00e8cle, et de voir ce que nous pourrions en apprendre et am\u00e9liorer aujourd\u2019hui. J\u2019ai la conviction (ou du moins l\u2019espoir !) qu\u2019un regard port\u00e9 sur l\u2019architecture brutaliste et en b\u00e9ton peut contribuer \u00e0 changer les perspectives.<\/span><\/em><\/p>\n<\/div>\n<\/div>\n<div dir=\"ltr\">\n<div dir=\"ltr\">\n<div><\/div>\n<div><strong>2 &#8211;\u00a0How were the buildings that appear on the map chosen? Do you have any guidelines for selecting concrete buildings?<\/strong><\/div>\n<p>We look at a number of factors when selecting a city to map, but the two most critical are the quality of the buildings and whether or not there is an expert to curate and research the map. We also have to decide upon a theme that we think will be both original and of interest to our customers \u2013 who have quite niche interests! For example, the Concrete Seoul Map was researched by professor Hyon-sob Kim, an architectural historian at Korea University. He has written widely on modern and contemporary architecture in Seoul. We discussed a variety of ways to approach this project, and found that the theme of concrete-built architecture offered a fascinating angle to explore the city and a great variety of interesting structures. In terms of guidelines, as the focus is on material, it makes things a bit easier, but generally we are looking for buildings which are remarkable in their own right, but also part of the narrative of the city&#8217;s architectural history. It works particularly well when arranged chronographically, as you can see the patterns of influence and piece together not only the aesthetic progression but the technical advancements as well.<\/p>\n<p><strong><em>Comment avez-vous s\u00e9lectionn\u00e9 les b\u00e2timents figurant sur la carte ? Avez-vous des crit\u00e8res sp\u00e9cifiques pour choisir les \u00e9difices en b\u00e9ton ?<br \/>\n<\/em><\/strong><em>Nous prenons en compte plusieurs crit\u00e8res pour s\u00e9lectionner une ville \u00e0 cartographier, mais les deux plus importants sont la qualit\u00e9 des b\u00e2timents et la pr\u00e9sence d\u2019un expert capable de superviser la recherche et la s\u00e9lection. Nous devons \u00e9galement d\u00e9finir un th\u00e8me qui soit \u00e0 la fois original et susceptible d\u2019int\u00e9resser notre public, qui a des centres d\u2019int\u00e9r\u00eat assez pointus ! <span style=\"font-family: -apple-system, BlinkMacSystemFont, 'Segoe UI', Roboto, Oxygen-Sans, Ubuntu, Cantarell, 'Helvetica Neue', sans-serif;\">Par exemple, la Concrete Seoul Map a \u00e9t\u00e9 r\u00e9alis\u00e9e en collaboration avec le professeur Hyon-sob Kim, historien de l\u2019architecture \u00e0 l\u2019Universit\u00e9 de Cor\u00e9e, qui a largement \u00e9crit sur l\u2019architecture moderne et contemporaine de S\u00e9oul. Nous avons explor\u00e9 diff\u00e9rentes approches avant de conclure que le th\u00e8me de l\u2019architecture en b\u00e9ton offrait un angle particuli\u00e8rement int\u00e9ressant pour d\u00e9couvrir la ville, en mettant en lumi\u00e8re une grande vari\u00e9t\u00e9 de structures remarquables. <\/span><span style=\"font-family: -apple-system, BlinkMacSystemFont, 'Segoe UI', Roboto, Oxygen-Sans, Ubuntu, Cantarell, 'Helvetica Neue', sans-serif;\">Concernant nos crit\u00e8res de s\u00e9lection, le choix du mat\u00e9riau comme point de d\u00e9part simplifie un peu les choses, mais nous recherchons avant tout des b\u00e2timents qui se distinguent par leur singularit\u00e9 et qui s\u2019inscrivent dans l\u2019histoire architecturale de la ville. L\u2019organisation chronologique des b\u00e2timents permet d\u2019identifier les influences successives et de retracer \u00e0 la fois l\u2019\u00e9volution esth\u00e9tique et les avanc\u00e9es techniques qui ont marqu\u00e9 leur conception.<\/span><\/em><\/p>\n<div><strong>3 &#8211; What are your impressions of Seoul ?<\/strong><\/div>\n<p>We visited Seoul in 2019 when the map was in production. The scale of the city was difficult to absorb, but it was fascinating to see how quickly layers of 20th century architecture pieced together. It was also surprisingly pleasant to explore even the most concentrated areas. One of the most interesting days for me as a publisher was visiting Paju Book City (which we include on the map). The idea of a planned city for the headquarters of 200+ publishing houses, really blew my mind, and even more so as so many of the buildings are beautifully designed and built with concrete (i.e. built to last). But this was all set up in the late 1980s, prior to Amazon and major shifts in publishing; it was impossible for the instigators and planners of Paju Book City to see this era of ecommerce coming around the corner. It felt to me like a final monument to traditional publishing. It will be interesting to see what becomes of it.<\/p>\n<\/div>\n<\/div>\n<div dir=\"ltr\">\n<div dir=\"ltr\">\n<div>\n<p><strong><em>Quelles sont vos impressions sur S\u00e9oul ?<br \/>\n<\/em><\/strong><em>Nous avons visit\u00e9 S\u00e9oul en 2019. L\u2019immensit\u00e9 de la ville \u00e9tait difficile \u00e0 appr\u00e9hender, mais il \u00e9tait fascinant de voir comment les strates d\u2019architecture du XX\u1d49 si\u00e8cle s\u2019imbriquaient rapidement les unes aux autres. Ce qui nous a aussi surpris, c\u2019est \u00e0 quel point il \u00e9tait agr\u00e9able d\u2019explorer m\u00eame les quartiers les plus denses. L\u2019une des journ\u00e9es les plus marquantes pour moi, en tant qu\u2019\u00e9diteur, a \u00e9t\u00e9 la visite de Paju Book City, un site que nous avons inclus sur la carte. L\u2019id\u00e9e d\u2019une ville planifi\u00e9e rassemblant les si\u00e8ges de plus de 200 maisons d\u2019\u00e9dition m\u2019a v\u00e9ritablement stup\u00e9fait, d\u2019autant plus que nombre de ses b\u00e2timents sont magnifiquement con\u00e7us et construits en b\u00e9ton, donc faits pour durer. Pourtant, ce projet a \u00e9t\u00e9 lanc\u00e9 \u00e0 la fin des ann\u00e9es 1980, bien avant l\u2019\u00e9mergence d\u2019Amazon et les transformations majeures du monde de l\u2019\u00e9dition. \u00c0 l\u2019\u00e9poque, ses initiateurs ne pouvaient pas pr\u00e9voir l\u2019essor du commerce en ligne qui allait bouleverser le secteur. J\u2019ai eu le sentiment que Paju Book City repr\u00e9sente un dernier monument \u00e0 l\u2019\u00e9dition traditionnelle. Il sera int\u00e9ressant d\u2019observer comment ce lieu \u00e9voluera \u00e0 l\u2019avenir.<\/em><\/p>\n<\/div>\n<\/div>\n<\/div>\n","protected":false},"excerpt":{"rendered":"<h2 class=\"p1\">Explorez S\u00e9oul autrement.<\/h2>\n<p class=\"p1\">Cette carte rassemble une s\u00e9lection unique de b\u00e2timents brutalistes embl\u00e9matiques de la capitale cor\u00e9enne : universit\u00e9s, centres culturels, espaces publics, infrastructures, immeubles civiques.<br \/>\nPens\u00e9e pour les passionn\u00e9s d\u2019architecture, de design urbain et de photographie, elle r\u00e9v\u00e8le un S\u00e9oul rarement montr\u00e9, o\u00f9 la mati\u00e8re, la lumi\u00e8re et le b\u00e9ton composent un paysage puissant.<br \/>\nChaque lieu est clairement identifi\u00e9, avec ses coordonn\u00e9es et son emplacement exact dans la ville.<br \/>\nVous y trouverez des adresses pr\u00e9cises pour organiser votre visite, pr\u00e9parer un voyage architectural ou simplement d\u00e9couvrir la ville \u00e9tape par \u00e9tape.<\/p>\n<p class=\"p1\">\n<p>&nbsp;<\/p>\n","protected":false},"featured_media":26453,"template":"","meta":[],"product_brand":[],"product_cat":[369],"product_tag":[],"class_list":{"0":"post-26377","1":"product","2":"type-product","3":"status-publish","4":"has-post-thumbnail","6":"product_cat-papeterie","7":"product_shipping_class-lettre-20-100g","9":"first","10":"instock","11":"purchasable","12":"product-type-simple"},"yoast_head":"<!-- This site is optimized with the Yoast SEO plugin v27.1.1 - https:\/\/yoast.com\/product\/yoast-seo-wordpress\/ -->\n<title>Carte des architectures brutalistes de Seoul<\/title>\n<meta name=\"description\" content=\"S\u00e9lection de lieux en b\u00e9ton, universit\u00e9s, espaces publics et b\u00e2timents embl\u00e9matiques. Parfaite pour voyageurs, architectes et amoureux de S\u00e9oul.\" \/>\n<meta name=\"robots\" content=\"index, follow, max-snippet:-1, max-image-preview:large, max-video-preview:-1\" \/>\n<link rel=\"canonical\" href=\"https:\/\/cahierdeseoul.com\/ko\/shop\/concrete-seoul-map\/\" \/>\n<meta property=\"og:locale\" content=\"ko_KR\" \/>\n<meta property=\"og:type\" content=\"article\" \/>\n<meta property=\"og:title\" content=\"Carte des architectures brutalistes de Seoul\" \/>\n<meta property=\"og:description\" content=\"S\u00e9lection de lieux en b\u00e9ton, universit\u00e9s, espaces publics et b\u00e2timents embl\u00e9matiques. Parfaite pour voyageurs, architectes et amoureux de S\u00e9oul.\" \/>\n<meta property=\"og:url\" content=\"https:\/\/cahierdeseoul.com\/ko\/shop\/concrete-seoul-map\/\" \/>\n<meta property=\"og:site_name\" content=\"\uae4c\uc774\uc5d0 \ub4dc \uc11c\uc6b8\" \/>\n<meta property=\"article:publisher\" content=\"https:\/\/www.facebook.com\/CahierDeSeoul?ref_type=bookmark\" \/>\n<meta property=\"article:modified_time\" content=\"2026-03-16T16:52:18+00:00\" \/>\n<meta property=\"og:image\" content=\"https:\/\/cdn.cahierdeseoul.com\/2023\/10\/SEOUL-CONCRETE-MAP-1.jpg\" \/>\n\t<meta property=\"og:image:width\" content=\"900\" \/>\n\t<meta property=\"og:image:height\" content=\"1080\" \/>\n\t<meta property=\"og:image:type\" content=\"image\/jpeg\" \/>\n<meta name=\"twitter:card\" content=\"summary_large_image\" \/>\n<meta name=\"twitter:site\" content=\"@cahier_de_seoul\" \/>\n<meta name=\"twitter:label1\" content=\"\uc608\uc0c1 \ub418\ub294 \ud310\ub3c5 \uc2dc\uac04\" \/>\n\t<meta name=\"twitter:data1\" content=\"7\ubd84\" \/>\n<script type=\"application\/ld+json\" class=\"yoast-schema-graph\">{\"@context\":\"https:\/\/schema.org\",\"@graph\":[{\"@type\":\"WebPage\",\"@id\":\"https:\/\/cahierdeseoul.com\/ko\/shop\/concrete-seoul-map\/\",\"url\":\"https:\/\/cahierdeseoul.com\/ko\/shop\/concrete-seoul-map\/\",\"name\":\"Carte des architectures brutalistes de Seoul\",\"isPartOf\":{\"@id\":\"https:\/\/cahierdeseoul.com\/ko\/#website\"},\"primaryImageOfPage\":{\"@id\":\"https:\/\/cahierdeseoul.com\/ko\/shop\/concrete-seoul-map\/#primaryimage\"},\"image\":{\"@id\":\"https:\/\/cahierdeseoul.com\/ko\/shop\/concrete-seoul-map\/#primaryimage\"},\"thumbnailUrl\":\"https:\/\/i0.wp.com\/cdn.cahierdeseoul.com\/2023\/10\/SEOUL-CONCRETE-MAP-1.jpg?fit=900%2C1080&ssl=1\",\"datePublished\":\"2023-10-08T12:43:21+00:00\",\"dateModified\":\"2026-03-16T16:52:18+00:00\",\"description\":\"S\u00e9lection de lieux en b\u00e9ton, universit\u00e9s, espaces publics et b\u00e2timents embl\u00e9matiques. Parfaite pour voyageurs, architectes et amoureux de S\u00e9oul.\",\"breadcrumb\":{\"@id\":\"https:\/\/cahierdeseoul.com\/ko\/shop\/concrete-seoul-map\/#breadcrumb\"},\"inLanguage\":\"ko-KR\",\"potentialAction\":[{\"@type\":\"ReadAction\",\"target\":[\"https:\/\/cahierdeseoul.com\/ko\/shop\/concrete-seoul-map\/\"]}]},{\"@type\":\"ImageObject\",\"inLanguage\":\"ko-KR\",\"@id\":\"https:\/\/cahierdeseoul.com\/ko\/shop\/concrete-seoul-map\/#primaryimage\",\"url\":\"https:\/\/i0.wp.com\/cdn.cahierdeseoul.com\/2023\/10\/SEOUL-CONCRETE-MAP-1.jpg?fit=900%2C1080&ssl=1\",\"contentUrl\":\"https:\/\/i0.wp.com\/cdn.cahierdeseoul.com\/2023\/10\/SEOUL-CONCRETE-MAP-1.jpg?fit=900%2C1080&ssl=1\",\"width\":900,\"height\":1080},{\"@type\":\"BreadcrumbList\",\"@id\":\"https:\/\/cahierdeseoul.com\/ko\/shop\/concrete-seoul-map\/#breadcrumb\",\"itemListElement\":[{\"@type\":\"ListItem\",\"position\":1,\"name\":\"Accueil\",\"item\":\"https:\/\/cahierdeseoul.com\/ko\/\"},{\"@type\":\"ListItem\",\"position\":2,\"name\":\"Boutique\",\"item\":\"https:\/\/cahierdeseoul.com\/boutique\/\"},{\"@type\":\"ListItem\",\"position\":3,\"name\":\"Carte de l\u2019architecture brutaliste de S\u00e9oul\"}]},{\"@type\":\"WebSite\",\"@id\":\"https:\/\/cahierdeseoul.com\/ko\/#website\",\"url\":\"https:\/\/cahierdeseoul.com\/ko\/\",\"name\":\"\uae4c\uc774\uc5d0 \ub4dc \uc11c\uc6b8\",\"description\":\"\uc11c\uc6b8 \ubb38\ud654 \uc7a1\uc9c0\",\"potentialAction\":[{\"@type\":\"SearchAction\",\"target\":{\"@type\":\"EntryPoint\",\"urlTemplate\":\"https:\/\/cahierdeseoul.com\/ko\/?s={search_term_string}\"},\"query-input\":{\"@type\":\"PropertyValueSpecification\",\"valueRequired\":true,\"valueName\":\"search_term_string\"}}],\"inLanguage\":\"ko-KR\"}]}<\/script>\n<!-- \/ Yoast SEO plugin. -->","yoast_head_json":{"title":"Carte des architectures brutalistes de Seoul","description":"S\u00e9lection de lieux en b\u00e9ton, universit\u00e9s, espaces publics et b\u00e2timents embl\u00e9matiques. Parfaite pour voyageurs, architectes et amoureux de S\u00e9oul.","robots":{"index":"index","follow":"follow","max-snippet":"max-snippet:-1","max-image-preview":"max-image-preview:large","max-video-preview":"max-video-preview:-1"},"canonical":"https:\/\/cahierdeseoul.com\/ko\/shop\/concrete-seoul-map\/","og_locale":"ko_KR","og_type":"article","og_title":"Carte des architectures brutalistes de Seoul","og_description":"S\u00e9lection de lieux en b\u00e9ton, universit\u00e9s, espaces publics et b\u00e2timents embl\u00e9matiques. Parfaite pour voyageurs, architectes et amoureux de S\u00e9oul.","og_url":"https:\/\/cahierdeseoul.com\/ko\/shop\/concrete-seoul-map\/","og_site_name":"\uae4c\uc774\uc5d0 \ub4dc \uc11c\uc6b8","article_publisher":"https:\/\/www.facebook.com\/CahierDeSeoul?ref_type=bookmark","article_modified_time":"2026-03-16T16:52:18+00:00","og_image":[{"width":900,"height":1080,"url":"https:\/\/cdn.cahierdeseoul.com\/2023\/10\/SEOUL-CONCRETE-MAP-1.jpg","type":"image\/jpeg"}],"twitter_card":"summary_large_image","twitter_site":"@cahier_de_seoul","twitter_misc":{"\uc608\uc0c1 \ub418\ub294 \ud310\ub3c5 \uc2dc\uac04":"7\ubd84"},"schema":{"@context":"https:\/\/schema.org","@graph":[{"@type":"WebPage","@id":"https:\/\/cahierdeseoul.com\/ko\/shop\/concrete-seoul-map\/","url":"https:\/\/cahierdeseoul.com\/ko\/shop\/concrete-seoul-map\/","name":"Carte des architectures brutalistes de Seoul","isPartOf":{"@id":"https:\/\/cahierdeseoul.com\/ko\/#website"},"primaryImageOfPage":{"@id":"https:\/\/cahierdeseoul.com\/ko\/shop\/concrete-seoul-map\/#primaryimage"},"image":{"@id":"https:\/\/cahierdeseoul.com\/ko\/shop\/concrete-seoul-map\/#primaryimage"},"thumbnailUrl":"https:\/\/i0.wp.com\/cdn.cahierdeseoul.com\/2023\/10\/SEOUL-CONCRETE-MAP-1.jpg?fit=900%2C1080&ssl=1","datePublished":"2023-10-08T12:43:21+00:00","dateModified":"2026-03-16T16:52:18+00:00","description":"S\u00e9lection de lieux en b\u00e9ton, universit\u00e9s, espaces publics et b\u00e2timents embl\u00e9matiques. Parfaite pour voyageurs, architectes et amoureux de S\u00e9oul.","breadcrumb":{"@id":"https:\/\/cahierdeseoul.com\/ko\/shop\/concrete-seoul-map\/#breadcrumb"},"inLanguage":"ko-KR","potentialAction":[{"@type":"ReadAction","target":["https:\/\/cahierdeseoul.com\/ko\/shop\/concrete-seoul-map\/"]}]},{"@type":"ImageObject","inLanguage":"ko-KR","@id":"https:\/\/cahierdeseoul.com\/ko\/shop\/concrete-seoul-map\/#primaryimage","url":"https:\/\/i0.wp.com\/cdn.cahierdeseoul.com\/2023\/10\/SEOUL-CONCRETE-MAP-1.jpg?fit=900%2C1080&ssl=1","contentUrl":"https:\/\/i0.wp.com\/cdn.cahierdeseoul.com\/2023\/10\/SEOUL-CONCRETE-MAP-1.jpg?fit=900%2C1080&ssl=1","width":900,"height":1080},{"@type":"BreadcrumbList","@id":"https:\/\/cahierdeseoul.com\/ko\/shop\/concrete-seoul-map\/#breadcrumb","itemListElement":[{"@type":"ListItem","position":1,"name":"Accueil","item":"https:\/\/cahierdeseoul.com\/ko\/"},{"@type":"ListItem","position":2,"name":"Boutique","item":"https:\/\/cahierdeseoul.com\/boutique\/"},{"@type":"ListItem","position":3,"name":"Carte de l\u2019architecture brutaliste de S\u00e9oul"}]},{"@type":"WebSite","@id":"https:\/\/cahierdeseoul.com\/ko\/#website","url":"https:\/\/cahierdeseoul.com\/ko\/","name":"\uae4c\uc774\uc5d0 \ub4dc \uc11c\uc6b8","description":"\uc11c\uc6b8 \ubb38\ud654 \uc7a1\uc9c0","potentialAction":[{"@type":"SearchAction","target":{"@type":"EntryPoint","urlTemplate":"https:\/\/cahierdeseoul.com\/ko\/?s={search_term_string}"},"query-input":{"@type":"PropertyValueSpecification","valueRequired":true,"valueName":"search_term_string"}}],"inLanguage":"ko-KR"}]}},"_links":{"self":[{"href":"https:\/\/cahierdeseoul.com\/ko\/wp-json\/wp\/v2\/product\/26377","targetHints":{"allow":["GET"]}}],"collection":[{"href":"https:\/\/cahierdeseoul.com\/ko\/wp-json\/wp\/v2\/product"}],"about":[{"href":"https:\/\/cahierdeseoul.com\/ko\/wp-json\/wp\/v2\/types\/product"}],"wp:featuredmedia":[{"embeddable":true,"href":"https:\/\/cahierdeseoul.com\/ko\/wp-json\/wp\/v2\/media\/26453"}],"wp:attachment":[{"href":"https:\/\/cahierdeseoul.com\/ko\/wp-json\/wp\/v2\/media?parent=26377"}],"wp:term":[{"taxonomy":"product_brand","embeddable":true,"href":"https:\/\/cahierdeseoul.com\/ko\/wp-json\/wp\/v2\/product_brand?post=26377"},{"taxonomy":"product_cat","embeddable":true,"href":"https:\/\/cahierdeseoul.com\/ko\/wp-json\/wp\/v2\/product_cat?post=26377"},{"taxonomy":"product_tag","embeddable":true,"href":"https:\/\/cahierdeseoul.com\/ko\/wp-json\/wp\/v2\/product_tag?post=26377"}],"curies":[{"name":"wp","href":"https:\/\/api.w.org\/{rel}","templated":true}]}}