{"id":29105,"date":"2025-04-11T04:43:47","date_gmt":"2025-04-11T02:43:47","guid":{"rendered":"https:\/\/cahierdeseoul.com\/?post_type=product&#038;p=29105"},"modified":"2025-04-29T14:01:54","modified_gmt":"2025-04-29T12:01:54","slug":"carnet-de-note-hangeul-grid","status":"publish","type":"product","link":"https:\/\/cahierdeseoul.com\/ko\/shop\/carnet-de-note-hangeul-grid\/","title":{"rendered":"Cahier cor\u00e9en Hangeul grid &#8211; A5"},"content":{"rendered":"<p class=\"p1\">Carnet pens\u00e9 pour les passionn\u00e9s de langues, de papeterie et de belles pages bien structur\u00e9es. Ce <span class=\"s1\"><b>carnet A5 de 64 pages<\/b><\/span> alterne une <span class=\"s1\"><b>grille Hangeul<\/b><\/span> et une <span class=\"s1\"><b>page \u00e0 points<\/b><\/span>. Ce format hybride le rend aussi bien adapt\u00e9 \u00e0 l\u2019<span class=\"s1\"><b>apprentissage de l\u2019\u00e9criture cor\u00e9enne<\/b><\/span> qu\u2019\u00e0 une <span class=\"s1\"><b>utilisation libre<\/b><\/span> : prises de notes, esquisses, journaling, organisation\u2026<\/p>\n<p class=\"p1\">La <span class=\"s1\"><b>grille Hangeul<\/b><\/span> permet de s\u2019exercer aux blocs syllabiques cor\u00e9ens avec pr\u00e9cision, tandis que la <span class=\"s1\"><b>page \u00e0 points<\/b><\/span> offre un espace a\u00e9r\u00e9 et modulable pour organiser ses id\u00e9es. Ce rythme altern\u00e9 invite \u00e0 explorer, composer, tester \u2013 sans contrainte.<\/p>\n<p class=\"p1\">Imprim\u00e9 sur un <span class=\"s1\"><b>papier blanc naturel Arena Rough 90g<\/b><\/span>, il assure un confort d\u2019\u00e9criture optimal, compatible avec stylos, feutres fins et crayons. Sa <span class=\"s1\"><b>couverture \u00e9paisse 270g<\/b><\/span> prot\u00e8ge le tout avec \u00e9l\u00e9gance.<\/p>\n","protected":false},"excerpt":{"rendered":"<p class=\"p1\">Un carnet A5 \u00e9l\u00e9gant de 64 pages, imprim\u00e9 avec une grille Hangeul l\u00e9g\u00e8re, id\u00e9al pour l\u2019apprentissage du cor\u00e9en comme pour la prise de notes libre. Papier haut de gamme 90g, couverture 270g. Polyvalent, sobre et pratique.<\/p>\n<p>\u2022<span class=\"s1\">Format :<\/span> A5 (14,8 x 21 cm), 64 pages imprim\u00e9es<br \/>\n\u2022Papier : Arena Rough Extra White \u2013 90g\/m\u00b2<br \/>\n\u2022<span class=\"s1\">Couverture :<\/span> 4 pages \u2013 papier 270g\/m\u00b2<br \/>\n\u2022<span class=\"s1\">Reliure :<\/span> dos carr\u00e9 piqu\u00e9<br \/>\n<span class=\"s1\">Fabriqu\u00e9 en<\/span>\u00a0France<\/p>\n","protected":false},"featured_media":29127,"template":"","meta":[],"product_brand":[],"product_cat":[365,369],"product_tag":[],"class_list":{"0":"post-29105","1":"product","2":"type-product","3":"status-publish","4":"has-post-thumbnail","6":"product_cat-notebook","7":"product_cat-papeterie","9":"first","10":"instock","11":"shipping-taxable","12":"purchasable","13":"product-type-simple"},"yoast_head":"<!-- This site is optimized with the Yoast SEO plugin v27.1.1 - https:\/\/yoast.com\/product\/yoast-seo-wordpress\/ -->\n<title>Cahier cor\u00e9en Hangeul grid - A5 - \uae4c\uc774\uc5d0 \ub4dc \uc11c\uc6b8<\/title>\n<meta name=\"robots\" content=\"index, follow, max-snippet:-1, max-image-preview:large, max-video-preview:-1\" \/>\n<link rel=\"canonical\" href=\"https:\/\/cahierdeseoul.com\/ko\/shop\/carnet-de-note-hangeul-grid\/\" \/>\n<meta property=\"og:locale\" content=\"ko_KR\" \/>\n<meta property=\"og:type\" content=\"article\" \/>\n<meta property=\"og:title\" content=\"Cahier cor\u00e9en Hangeul grid - A5 - \uae4c\uc774\uc5d0 \ub4dc \uc11c\uc6b8\" \/>\n<meta property=\"og:description\" content=\"Un carnet A5 \u00e9l\u00e9gant de 64 pages, imprim\u00e9 avec une grille Hangeul l\u00e9g\u00e8re, id\u00e9al pour l\u2019apprentissage du cor\u00e9en comme pour la prise de notes libre. Papier haut de gamme 90g, couverture 270g. Polyvalent, sobre et pratique. \u2022Format : A5 (14,8 x 21 cm), 64 pages imprim\u00e9es \u2022Papier : Arena Rough Extra White \u2013 90g\/m\u00b2 \u2022Couverture : 4 pages \u2013 papier 270g\/m\u00b2 \u2022Reliure : dos carr\u00e9 piqu\u00e9 Fabriqu\u00e9 en\u00a0France\" \/>\n<meta property=\"og:url\" content=\"https:\/\/cahierdeseoul.com\/ko\/shop\/carnet-de-note-hangeul-grid\/\" \/>\n<meta property=\"og:site_name\" content=\"\uae4c\uc774\uc5d0 \ub4dc \uc11c\uc6b8\" \/>\n<meta property=\"article:publisher\" content=\"https:\/\/www.facebook.com\/CahierDeSeoul?ref_type=bookmark\" \/>\n<meta property=\"article:modified_time\" content=\"2025-04-29T12:01:54+00:00\" \/>\n<meta property=\"og:image\" content=\"https:\/\/cdn.cahierdeseoul.com\/2025\/04\/hangeul-grid-1.jpg\" \/>\n\t<meta property=\"og:image:width\" content=\"1000\" \/>\n\t<meta property=\"og:image:height\" content=\"1333\" \/>\n\t<meta property=\"og:image:type\" content=\"image\/jpeg\" \/>\n<meta name=\"twitter:card\" content=\"summary_large_image\" \/>\n<meta name=\"twitter:site\" content=\"@cahier_de_seoul\" \/>\n<meta name=\"twitter:label1\" content=\"\uc608\uc0c1 \ub418\ub294 \ud310\ub3c5 \uc2dc\uac04\" \/>\n\t<meta name=\"twitter:data1\" content=\"1\ubd84\" \/>\n<script type=\"application\/ld+json\" class=\"yoast-schema-graph\">{\"@context\":\"https:\/\/schema.org\",\"@graph\":[{\"@type\":\"WebPage\",\"@id\":\"https:\/\/cahierdeseoul.com\/ko\/shop\/carnet-de-note-hangeul-grid\/\",\"url\":\"https:\/\/cahierdeseoul.com\/ko\/shop\/carnet-de-note-hangeul-grid\/\",\"name\":\"Cahier cor\u00e9en Hangeul grid - A5 - \uae4c\uc774\uc5d0 \ub4dc \uc11c\uc6b8\",\"isPartOf\":{\"@id\":\"https:\/\/cahierdeseoul.com\/ko\/#website\"},\"primaryImageOfPage\":{\"@id\":\"https:\/\/cahierdeseoul.com\/ko\/shop\/carnet-de-note-hangeul-grid\/#primaryimage\"},\"image\":{\"@id\":\"https:\/\/cahierdeseoul.com\/ko\/shop\/carnet-de-note-hangeul-grid\/#primaryimage\"},\"thumbnailUrl\":\"https:\/\/i0.wp.com\/cdn.cahierdeseoul.com\/2025\/04\/hangeul-grid-1.jpg?fit=1000%2C1333&ssl=1\",\"datePublished\":\"2025-04-11T02:43:47+00:00\",\"dateModified\":\"2025-04-29T12:01:54+00:00\",\"breadcrumb\":{\"@id\":\"https:\/\/cahierdeseoul.com\/ko\/shop\/carnet-de-note-hangeul-grid\/#breadcrumb\"},\"inLanguage\":\"ko-KR\",\"potentialAction\":[{\"@type\":\"ReadAction\",\"target\":[\"https:\/\/cahierdeseoul.com\/ko\/shop\/carnet-de-note-hangeul-grid\/\"]}]},{\"@type\":\"ImageObject\",\"inLanguage\":\"ko-KR\",\"@id\":\"https:\/\/cahierdeseoul.com\/ko\/shop\/carnet-de-note-hangeul-grid\/#primaryimage\",\"url\":\"https:\/\/i0.wp.com\/cdn.cahierdeseoul.com\/2025\/04\/hangeul-grid-1.jpg?fit=1000%2C1333&ssl=1\",\"contentUrl\":\"https:\/\/i0.wp.com\/cdn.cahierdeseoul.com\/2025\/04\/hangeul-grid-1.jpg?fit=1000%2C1333&ssl=1\",\"width\":1000,\"height\":1333},{\"@type\":\"BreadcrumbList\",\"@id\":\"https:\/\/cahierdeseoul.com\/ko\/shop\/carnet-de-note-hangeul-grid\/#breadcrumb\",\"itemListElement\":[{\"@type\":\"ListItem\",\"position\":1,\"name\":\"Accueil\",\"item\":\"https:\/\/cahierdeseoul.com\/ko\/\"},{\"@type\":\"ListItem\",\"position\":2,\"name\":\"Boutique\",\"item\":\"https:\/\/cahierdeseoul.com\/boutique\/\"},{\"@type\":\"ListItem\",\"position\":3,\"name\":\"Cahier cor\u00e9en Hangeul grid &#8211; A5\"}]},{\"@type\":\"WebSite\",\"@id\":\"https:\/\/cahierdeseoul.com\/ko\/#website\",\"url\":\"https:\/\/cahierdeseoul.com\/ko\/\",\"name\":\"\uae4c\uc774\uc5d0 \ub4dc \uc11c\uc6b8\",\"description\":\"\uc11c\uc6b8 \ubb38\ud654 \uc7a1\uc9c0\",\"potentialAction\":[{\"@type\":\"SearchAction\",\"target\":{\"@type\":\"EntryPoint\",\"urlTemplate\":\"https:\/\/cahierdeseoul.com\/ko\/?s={search_term_string}\"},\"query-input\":{\"@type\":\"PropertyValueSpecification\",\"valueRequired\":true,\"valueName\":\"search_term_string\"}}],\"inLanguage\":\"ko-KR\"}]}<\/script>\n<!-- \/ Yoast SEO plugin. -->","yoast_head_json":{"title":"Cahier cor\u00e9en Hangeul grid - A5 - \uae4c\uc774\uc5d0 \ub4dc \uc11c\uc6b8","robots":{"index":"index","follow":"follow","max-snippet":"max-snippet:-1","max-image-preview":"max-image-preview:large","max-video-preview":"max-video-preview:-1"},"canonical":"https:\/\/cahierdeseoul.com\/ko\/shop\/carnet-de-note-hangeul-grid\/","og_locale":"ko_KR","og_type":"article","og_title":"Cahier cor\u00e9en Hangeul grid - A5 - \uae4c\uc774\uc5d0 \ub4dc \uc11c\uc6b8","og_description":"Un carnet A5 \u00e9l\u00e9gant de 64 pages, imprim\u00e9 avec une grille Hangeul l\u00e9g\u00e8re, id\u00e9al pour l\u2019apprentissage du cor\u00e9en comme pour la prise de notes libre. Papier haut de gamme 90g, couverture 270g. Polyvalent, sobre et pratique. \u2022Format : A5 (14,8 x 21 cm), 64 pages imprim\u00e9es \u2022Papier : Arena Rough Extra White \u2013 90g\/m\u00b2 \u2022Couverture : 4 pages \u2013 papier 270g\/m\u00b2 \u2022Reliure : dos carr\u00e9 piqu\u00e9 Fabriqu\u00e9 en\u00a0France","og_url":"https:\/\/cahierdeseoul.com\/ko\/shop\/carnet-de-note-hangeul-grid\/","og_site_name":"\uae4c\uc774\uc5d0 \ub4dc \uc11c\uc6b8","article_publisher":"https:\/\/www.facebook.com\/CahierDeSeoul?ref_type=bookmark","article_modified_time":"2025-04-29T12:01:54+00:00","og_image":[{"width":1000,"height":1333,"url":"https:\/\/cdn.cahierdeseoul.com\/2025\/04\/hangeul-grid-1.jpg","type":"image\/jpeg"}],"twitter_card":"summary_large_image","twitter_site":"@cahier_de_seoul","twitter_misc":{"\uc608\uc0c1 \ub418\ub294 \ud310\ub3c5 \uc2dc\uac04":"1\ubd84"},"schema":{"@context":"https:\/\/schema.org","@graph":[{"@type":"WebPage","@id":"https:\/\/cahierdeseoul.com\/ko\/shop\/carnet-de-note-hangeul-grid\/","url":"https:\/\/cahierdeseoul.com\/ko\/shop\/carnet-de-note-hangeul-grid\/","name":"Cahier cor\u00e9en Hangeul grid - A5 - \uae4c\uc774\uc5d0 \ub4dc \uc11c\uc6b8","isPartOf":{"@id":"https:\/\/cahierdeseoul.com\/ko\/#website"},"primaryImageOfPage":{"@id":"https:\/\/cahierdeseoul.com\/ko\/shop\/carnet-de-note-hangeul-grid\/#primaryimage"},"image":{"@id":"https:\/\/cahierdeseoul.com\/ko\/shop\/carnet-de-note-hangeul-grid\/#primaryimage"},"thumbnailUrl":"https:\/\/i0.wp.com\/cdn.cahierdeseoul.com\/2025\/04\/hangeul-grid-1.jpg?fit=1000%2C1333&ssl=1","datePublished":"2025-04-11T02:43:47+00:00","dateModified":"2025-04-29T12:01:54+00:00","breadcrumb":{"@id":"https:\/\/cahierdeseoul.com\/ko\/shop\/carnet-de-note-hangeul-grid\/#breadcrumb"},"inLanguage":"ko-KR","potentialAction":[{"@type":"ReadAction","target":["https:\/\/cahierdeseoul.com\/ko\/shop\/carnet-de-note-hangeul-grid\/"]}]},{"@type":"ImageObject","inLanguage":"ko-KR","@id":"https:\/\/cahierdeseoul.com\/ko\/shop\/carnet-de-note-hangeul-grid\/#primaryimage","url":"https:\/\/i0.wp.com\/cdn.cahierdeseoul.com\/2025\/04\/hangeul-grid-1.jpg?fit=1000%2C1333&ssl=1","contentUrl":"https:\/\/i0.wp.com\/cdn.cahierdeseoul.com\/2025\/04\/hangeul-grid-1.jpg?fit=1000%2C1333&ssl=1","width":1000,"height":1333},{"@type":"BreadcrumbList","@id":"https:\/\/cahierdeseoul.com\/ko\/shop\/carnet-de-note-hangeul-grid\/#breadcrumb","itemListElement":[{"@type":"ListItem","position":1,"name":"Accueil","item":"https:\/\/cahierdeseoul.com\/ko\/"},{"@type":"ListItem","position":2,"name":"Boutique","item":"https:\/\/cahierdeseoul.com\/boutique\/"},{"@type":"ListItem","position":3,"name":"Cahier cor\u00e9en Hangeul grid &#8211; A5"}]},{"@type":"WebSite","@id":"https:\/\/cahierdeseoul.com\/ko\/#website","url":"https:\/\/cahierdeseoul.com\/ko\/","name":"\uae4c\uc774\uc5d0 \ub4dc \uc11c\uc6b8","description":"\uc11c\uc6b8 \ubb38\ud654 \uc7a1\uc9c0","potentialAction":[{"@type":"SearchAction","target":{"@type":"EntryPoint","urlTemplate":"https:\/\/cahierdeseoul.com\/ko\/?s={search_term_string}"},"query-input":{"@type":"PropertyValueSpecification","valueRequired":true,"valueName":"search_term_string"}}],"inLanguage":"ko-KR"}]}},"_links":{"self":[{"href":"https:\/\/cahierdeseoul.com\/ko\/wp-json\/wp\/v2\/product\/29105","targetHints":{"allow":["GET"]}}],"collection":[{"href":"https:\/\/cahierdeseoul.com\/ko\/wp-json\/wp\/v2\/product"}],"about":[{"href":"https:\/\/cahierdeseoul.com\/ko\/wp-json\/wp\/v2\/types\/product"}],"wp:featuredmedia":[{"embeddable":true,"href":"https:\/\/cahierdeseoul.com\/ko\/wp-json\/wp\/v2\/media\/29127"}],"wp:attachment":[{"href":"https:\/\/cahierdeseoul.com\/ko\/wp-json\/wp\/v2\/media?parent=29105"}],"wp:term":[{"taxonomy":"product_brand","embeddable":true,"href":"https:\/\/cahierdeseoul.com\/ko\/wp-json\/wp\/v2\/product_brand?post=29105"},{"taxonomy":"product_cat","embeddable":true,"href":"https:\/\/cahierdeseoul.com\/ko\/wp-json\/wp\/v2\/product_cat?post=29105"},{"taxonomy":"product_tag","embeddable":true,"href":"https:\/\/cahierdeseoul.com\/ko\/wp-json\/wp\/v2\/product_tag?post=29105"}],"curies":[{"name":"wp","href":"https:\/\/api.w.org\/{rel}","templated":true}]}}