{"id":29833,"date":"2025-10-01T09:59:34","date_gmt":"2025-10-01T07:59:34","guid":{"rendered":"https:\/\/cahierdeseoul.com\/?post_type=product&#038;p=29833"},"modified":"2025-12-06T09:40:15","modified_gmt":"2025-12-06T08:40:15","slug":"totebag-banana-milk","status":"publish","type":"product","link":"https:\/\/cahierdeseoul.com\/ko\/shop\/totebag-banana-milk\/","title":{"rendered":"Totebag Banana Milk"},"content":{"rendered":"<p class=\"p1\">Le <span class=\"s1\"><b>Banana Milk (\ubc14\ub098\ub098\ub9db \uc6b0\uc720)<\/b><\/span> est l\u2019une des boissons les plus embl\u00e9matiques de Cor\u00e9e du Sud. Cr\u00e9\u00e9 en 1974 par Binggrae, il se pr\u00e9sente dans une petite bouteille ronde au bouchon vert, devenue instantan\u00e9ment reconnaissable. Son go\u00fbt sucr\u00e9 et r\u00e9confortant en a fait une boisson culte, encore aujourd\u2019hui incontournable dans les sup\u00e9rettes et les distributeurs automatiques de S\u00e9oul.<\/p>\n<p class=\"p1\">Au-del\u00e0 de la boisson, le Banana Milk est devenu un v\u00e9ritable <span class=\"s1\"><b>symbole de la pop culture cor\u00e9enne<\/b><\/span>. Son design minimaliste, ses couleurs jaune et vert, et son aura nostalgique s\u00e9duisent aussi bien les Cor\u00e9ens que les amateurs de K-culture \u00e0 travers le monde.<\/p>\n<p class=\"p1\">C\u2019est cette dimension iconique que nous avons choisie de c\u00e9l\u00e9brer \u00e0 travers l\u2019illustration de notre <span class=\"s1\"><b>totebag Banana Milk<\/b><\/span>, un accessoire unique qui m\u00eale design, culture cor\u00e9enne et touche r\u00e9tro.<\/p>\n","protected":false},"excerpt":{"rendered":"<p>Bring banana to your everyday life<\/p>\n<p><strong>Qualit\u00e9 :<\/strong> Sac 100% coton, 300 grammes.<br \/>\n<b>Dimensions :<\/b>\u00a038 x 42 cm<br \/>\n<strong>Marquage :<\/strong> s\u00e9rigraphie<br \/>\n<b>Dimensions anses :<\/b> 30cm<\/p>\n<p>&nbsp;<\/p>\n","protected":false},"featured_media":29837,"template":"","meta":[],"product_brand":[],"product_cat":[366],"product_tag":[],"class_list":{"0":"post-29833","1":"product","2":"type-product","3":"status-publish","4":"has-post-thumbnail","6":"product_cat-totebag","8":"first","9":"instock","10":"purchasable","11":"product-type-simple"},"yoast_head":"<!-- This site is optimized with the Yoast SEO plugin v27.1.1 - https:\/\/yoast.com\/product\/yoast-seo-wordpress\/ -->\n<title>Totebag design Banana Milk | Cahier de Seoul<\/title>\n<meta name=\"description\" content=\"Sac Totebag blanc, 300 gr\/m\u00b2, 100% coton, s\u00e9rigraphi\u00e9. Accessoire de Cor\u00e9e du sud %\" \/>\n<meta name=\"robots\" content=\"index, follow, max-snippet:-1, max-image-preview:large, max-video-preview:-1\" \/>\n<link rel=\"canonical\" href=\"https:\/\/cahierdeseoul.com\/ko\/shop\/totebag-banana-milk\/\" \/>\n<meta property=\"og:locale\" content=\"ko_KR\" \/>\n<meta property=\"og:type\" content=\"article\" \/>\n<meta property=\"og:title\" content=\"Totebag design Banana Milk | Cahier de Seoul\" \/>\n<meta property=\"og:description\" content=\"Sac Totebag blanc, 300 gr\/m\u00b2, 100% coton, s\u00e9rigraphi\u00e9. Accessoire de Cor\u00e9e du sud %\" \/>\n<meta property=\"og:url\" content=\"https:\/\/cahierdeseoul.com\/ko\/shop\/totebag-banana-milk\/\" \/>\n<meta property=\"og:site_name\" content=\"\uae4c\uc774\uc5d0 \ub4dc \uc11c\uc6b8\" \/>\n<meta property=\"article:publisher\" content=\"https:\/\/www.facebook.com\/CahierDeSeoul?ref_type=bookmark\" \/>\n<meta property=\"article:modified_time\" content=\"2025-12-06T08:40:15+00:00\" \/>\n<meta property=\"og:image\" content=\"https:\/\/cdn.cahierdeseoul.com\/2025\/10\/bring-banana-to-your-everyday-life-1.jpg\" \/>\n\t<meta property=\"og:image:width\" content=\"1500\" \/>\n\t<meta property=\"og:image:height\" content=\"1457\" \/>\n\t<meta property=\"og:image:type\" content=\"image\/jpeg\" \/>\n<meta name=\"twitter:card\" content=\"summary_large_image\" \/>\n<meta name=\"twitter:site\" content=\"@cahier_de_seoul\" \/>\n<meta name=\"twitter:label1\" content=\"\uc608\uc0c1 \ub418\ub294 \ud310\ub3c5 \uc2dc\uac04\" \/>\n\t<meta name=\"twitter:data1\" content=\"1\ubd84\" \/>\n<script type=\"application\/ld+json\" class=\"yoast-schema-graph\">{\"@context\":\"https:\/\/schema.org\",\"@graph\":[{\"@type\":\"WebPage\",\"@id\":\"https:\/\/cahierdeseoul.com\/ko\/shop\/totebag-banana-milk\/\",\"url\":\"https:\/\/cahierdeseoul.com\/ko\/shop\/totebag-banana-milk\/\",\"name\":\"Totebag design Banana Milk | Cahier de Seoul\",\"isPartOf\":{\"@id\":\"https:\/\/cahierdeseoul.com\/ko\/#website\"},\"primaryImageOfPage\":{\"@id\":\"https:\/\/cahierdeseoul.com\/ko\/shop\/totebag-banana-milk\/#primaryimage\"},\"image\":{\"@id\":\"https:\/\/cahierdeseoul.com\/ko\/shop\/totebag-banana-milk\/#primaryimage\"},\"thumbnailUrl\":\"https:\/\/i0.wp.com\/cdn.cahierdeseoul.com\/2025\/10\/bring-banana-to-your-everyday-life-1.jpg?fit=1500%2C1457&ssl=1\",\"datePublished\":\"2025-10-01T07:59:34+00:00\",\"dateModified\":\"2025-12-06T08:40:15+00:00\",\"description\":\"Sac Totebag blanc, 300 gr\/m\u00b2, 100% coton, s\u00e9rigraphi\u00e9. Accessoire de Cor\u00e9e du sud %\",\"breadcrumb\":{\"@id\":\"https:\/\/cahierdeseoul.com\/ko\/shop\/totebag-banana-milk\/#breadcrumb\"},\"inLanguage\":\"ko-KR\",\"potentialAction\":[{\"@type\":\"ReadAction\",\"target\":[\"https:\/\/cahierdeseoul.com\/ko\/shop\/totebag-banana-milk\/\"]}]},{\"@type\":\"ImageObject\",\"inLanguage\":\"ko-KR\",\"@id\":\"https:\/\/cahierdeseoul.com\/ko\/shop\/totebag-banana-milk\/#primaryimage\",\"url\":\"https:\/\/i0.wp.com\/cdn.cahierdeseoul.com\/2025\/10\/bring-banana-to-your-everyday-life-1.jpg?fit=1500%2C1457&ssl=1\",\"contentUrl\":\"https:\/\/i0.wp.com\/cdn.cahierdeseoul.com\/2025\/10\/bring-banana-to-your-everyday-life-1.jpg?fit=1500%2C1457&ssl=1\",\"width\":1500,\"height\":1457},{\"@type\":\"BreadcrumbList\",\"@id\":\"https:\/\/cahierdeseoul.com\/ko\/shop\/totebag-banana-milk\/#breadcrumb\",\"itemListElement\":[{\"@type\":\"ListItem\",\"position\":1,\"name\":\"Accueil\",\"item\":\"https:\/\/cahierdeseoul.com\/ko\/\"},{\"@type\":\"ListItem\",\"position\":2,\"name\":\"Boutique\",\"item\":\"https:\/\/cahierdeseoul.com\/boutique\/\"},{\"@type\":\"ListItem\",\"position\":3,\"name\":\"Totebag Banana Milk\"}]},{\"@type\":\"WebSite\",\"@id\":\"https:\/\/cahierdeseoul.com\/ko\/#website\",\"url\":\"https:\/\/cahierdeseoul.com\/ko\/\",\"name\":\"\uae4c\uc774\uc5d0 \ub4dc \uc11c\uc6b8\",\"description\":\"\uc11c\uc6b8 \ubb38\ud654 \uc7a1\uc9c0\",\"potentialAction\":[{\"@type\":\"SearchAction\",\"target\":{\"@type\":\"EntryPoint\",\"urlTemplate\":\"https:\/\/cahierdeseoul.com\/ko\/?s={search_term_string}\"},\"query-input\":{\"@type\":\"PropertyValueSpecification\",\"valueRequired\":true,\"valueName\":\"search_term_string\"}}],\"inLanguage\":\"ko-KR\"}]}<\/script>\n<!-- \/ Yoast SEO plugin. -->","yoast_head_json":{"title":"Totebag design Banana Milk | Cahier de Seoul","description":"Sac Totebag blanc, 300 gr\/m\u00b2, 100% coton, s\u00e9rigraphi\u00e9. Accessoire de Cor\u00e9e du sud %","robots":{"index":"index","follow":"follow","max-snippet":"max-snippet:-1","max-image-preview":"max-image-preview:large","max-video-preview":"max-video-preview:-1"},"canonical":"https:\/\/cahierdeseoul.com\/ko\/shop\/totebag-banana-milk\/","og_locale":"ko_KR","og_type":"article","og_title":"Totebag design Banana Milk | Cahier de Seoul","og_description":"Sac Totebag blanc, 300 gr\/m\u00b2, 100% coton, s\u00e9rigraphi\u00e9. Accessoire de Cor\u00e9e du sud %","og_url":"https:\/\/cahierdeseoul.com\/ko\/shop\/totebag-banana-milk\/","og_site_name":"\uae4c\uc774\uc5d0 \ub4dc \uc11c\uc6b8","article_publisher":"https:\/\/www.facebook.com\/CahierDeSeoul?ref_type=bookmark","article_modified_time":"2025-12-06T08:40:15+00:00","og_image":[{"width":1500,"height":1457,"url":"https:\/\/cdn.cahierdeseoul.com\/2025\/10\/bring-banana-to-your-everyday-life-1.jpg","type":"image\/jpeg"}],"twitter_card":"summary_large_image","twitter_site":"@cahier_de_seoul","twitter_misc":{"\uc608\uc0c1 \ub418\ub294 \ud310\ub3c5 \uc2dc\uac04":"1\ubd84"},"schema":{"@context":"https:\/\/schema.org","@graph":[{"@type":"WebPage","@id":"https:\/\/cahierdeseoul.com\/ko\/shop\/totebag-banana-milk\/","url":"https:\/\/cahierdeseoul.com\/ko\/shop\/totebag-banana-milk\/","name":"Totebag design Banana Milk | Cahier de Seoul","isPartOf":{"@id":"https:\/\/cahierdeseoul.com\/ko\/#website"},"primaryImageOfPage":{"@id":"https:\/\/cahierdeseoul.com\/ko\/shop\/totebag-banana-milk\/#primaryimage"},"image":{"@id":"https:\/\/cahierdeseoul.com\/ko\/shop\/totebag-banana-milk\/#primaryimage"},"thumbnailUrl":"https:\/\/i0.wp.com\/cdn.cahierdeseoul.com\/2025\/10\/bring-banana-to-your-everyday-life-1.jpg?fit=1500%2C1457&ssl=1","datePublished":"2025-10-01T07:59:34+00:00","dateModified":"2025-12-06T08:40:15+00:00","description":"Sac Totebag blanc, 300 gr\/m\u00b2, 100% coton, s\u00e9rigraphi\u00e9. Accessoire de Cor\u00e9e du sud %","breadcrumb":{"@id":"https:\/\/cahierdeseoul.com\/ko\/shop\/totebag-banana-milk\/#breadcrumb"},"inLanguage":"ko-KR","potentialAction":[{"@type":"ReadAction","target":["https:\/\/cahierdeseoul.com\/ko\/shop\/totebag-banana-milk\/"]}]},{"@type":"ImageObject","inLanguage":"ko-KR","@id":"https:\/\/cahierdeseoul.com\/ko\/shop\/totebag-banana-milk\/#primaryimage","url":"https:\/\/i0.wp.com\/cdn.cahierdeseoul.com\/2025\/10\/bring-banana-to-your-everyday-life-1.jpg?fit=1500%2C1457&ssl=1","contentUrl":"https:\/\/i0.wp.com\/cdn.cahierdeseoul.com\/2025\/10\/bring-banana-to-your-everyday-life-1.jpg?fit=1500%2C1457&ssl=1","width":1500,"height":1457},{"@type":"BreadcrumbList","@id":"https:\/\/cahierdeseoul.com\/ko\/shop\/totebag-banana-milk\/#breadcrumb","itemListElement":[{"@type":"ListItem","position":1,"name":"Accueil","item":"https:\/\/cahierdeseoul.com\/ko\/"},{"@type":"ListItem","position":2,"name":"Boutique","item":"https:\/\/cahierdeseoul.com\/boutique\/"},{"@type":"ListItem","position":3,"name":"Totebag Banana Milk"}]},{"@type":"WebSite","@id":"https:\/\/cahierdeseoul.com\/ko\/#website","url":"https:\/\/cahierdeseoul.com\/ko\/","name":"\uae4c\uc774\uc5d0 \ub4dc \uc11c\uc6b8","description":"\uc11c\uc6b8 \ubb38\ud654 \uc7a1\uc9c0","potentialAction":[{"@type":"SearchAction","target":{"@type":"EntryPoint","urlTemplate":"https:\/\/cahierdeseoul.com\/ko\/?s={search_term_string}"},"query-input":{"@type":"PropertyValueSpecification","valueRequired":true,"valueName":"search_term_string"}}],"inLanguage":"ko-KR"}]}},"_links":{"self":[{"href":"https:\/\/cahierdeseoul.com\/ko\/wp-json\/wp\/v2\/product\/29833","targetHints":{"allow":["GET"]}}],"collection":[{"href":"https:\/\/cahierdeseoul.com\/ko\/wp-json\/wp\/v2\/product"}],"about":[{"href":"https:\/\/cahierdeseoul.com\/ko\/wp-json\/wp\/v2\/types\/product"}],"wp:featuredmedia":[{"embeddable":true,"href":"https:\/\/cahierdeseoul.com\/ko\/wp-json\/wp\/v2\/media\/29837"}],"wp:attachment":[{"href":"https:\/\/cahierdeseoul.com\/ko\/wp-json\/wp\/v2\/media?parent=29833"}],"wp:term":[{"taxonomy":"product_brand","embeddable":true,"href":"https:\/\/cahierdeseoul.com\/ko\/wp-json\/wp\/v2\/product_brand?post=29833"},{"taxonomy":"product_cat","embeddable":true,"href":"https:\/\/cahierdeseoul.com\/ko\/wp-json\/wp\/v2\/product_cat?post=29833"},{"taxonomy":"product_tag","embeddable":true,"href":"https:\/\/cahierdeseoul.com\/ko\/wp-json\/wp\/v2\/product_tag?post=29833"}],"curies":[{"name":"wp","href":"https:\/\/api.w.org\/{rel}","templated":true}]}}